{"id":9038,"date":"2022-05-10T16:24:00","date_gmt":"2022-05-10T14:24:00","guid":{"rendered":"https:\/\/www.pure-ocean.org\/race-for-pure-ocean\/solenn-for-pure-ocean\/"},"modified":"2022-12-21T10:38:04","modified_gmt":"2022-12-21T09:38:04","slug":"solenn-for-pure-ocean","status":"publish","type":"page","link":"https:\/\/www.pure-ocean.org\/en\/race-for-pure-ocean\/solenn-for-pure-ocean\/","title":{"rendered":"Solenn for Pure Ocean"},"content":{"rendered":"<div class=\"flex_column av_one_full  flex_column_div av-zero-column-padding first  \" style='border-radius:0px; '><div class='avia-image-container  av-styling-    avia-align-center '  itemscope=\"itemscope\" itemtype=\"https:\/\/schema.org\/ImageObject\"  ><div class='avia-image-container-inner'><img class='avia_image ' src='https:\/\/www.pure-ocean.org\/wp-content\/uploads\/2022\/05\/Race-1-image-titre-1030x686.jpeg' alt='' title='Race 1 image titre'   itemprop=\"thumbnailUrl\"  \/><\/div><\/div><\/div>\n<div class=\"flex_column av_one_full  flex_column_div av-zero-column-padding first  \" style='border-radius:0px; '><div style='padding-bottom:10px;color:#071562;' class='av-special-heading av-special-heading-h2 custom-color-heading blockquote classic-quote  '><h2 class='av-special-heading-tag '  itemprop=\"headline\"  >Solenn for Pure Ocean<\/h2><div class ='av-subheading av-subheading_below av_custom_color ' style='font-size:15px;'><p>A sporting challenge for the environment<br \/>\nEDITION 2022<\/p>\n<\/div><div class='special-heading-border'><div class='special-heading-inner-border' style='border-color:#071562'><\/div><\/div><\/div><\/div>\n<div  class='hr hr-default  '><span class='hr-inner ' ><span class='hr-inner-style'><\/span><\/span><\/div>\n<div class=\"flex_column av_three_fifth  flex_column_div av-zero-column-padding first  \" style='border-radius:0px; '><section class=\"av_textblock_section \"  itemscope=\"itemscope\" itemtype=\"https:\/\/schema.org\/CreativeWork\" ><div class='avia_textblock  '   itemprop=\"text\" ><h3><b>Learn more about the crew of the Solenn for Pure Ocean.<\/b><\/h3>\n<\/div><\/section><br \/>\n<section class=\"av_textblock_section \"  itemscope=\"itemscope\" itemtype=\"https:\/\/schema.org\/CreativeWork\" ><div class='avia_textblock  '   itemprop=\"text\" ><p><span style=\"font-weight: 400;\">&#8220;We are two sailors who have a passion for the ocean and sailing. Beyond this passion, we share common values that make us a strong team with almost no limits! During our regattas and maritime expeditions, we became aware of the degradation of the ocean and the need to act. We are aware that our playground is fragile and we want to protect it and act to preserve the ocean and marine biodiversity.<\/span><\/p>\n<p><span style=\"font-weight: 400;\">The Pure Ocean Foundation was an obvious choice. Indeed, we share the same passion for the ocean, the protection of the environment and in particular the marine environment. The race name of the boat then became Solenn for Pure Ocean!\u201d<\/span><\/p>\n<p><span style=\"font-weight: 400;\">Ludovic Gerard &amp; Nicolas Brossay, two loyal Pure Ocean ambassadors.<\/span><\/p>\n<\/div><\/section><br \/>\n<section class=\"av_textblock_section \"  itemscope=\"itemscope\" itemtype=\"https:\/\/schema.org\/CreativeWork\" ><div class='avia_textblock  '   itemprop=\"text\" ><h3><b>The Solenn For Pure Ocean crew raises funds for Pure Ocean!<\/b><\/h3>\n<\/div><\/section><br \/>\n<section class=\"av_textblock_section \"  itemscope=\"itemscope\" itemtype=\"https:\/\/schema.org\/CreativeWork\" ><div class='avia_textblock  '   itemprop=\"text\" ><p><span style=\"font-weight: 400;\">In order to allow everyone to get committed to the preservation of the ocean, the crew had set up an online kitty throughout the race and was able to raise more than 4000 euros for ocean research!<\/span><\/p>\n<p style=\"text-align: left;\"><span style=\"font-weight: 400;\">TAKE PART IN THEIR <\/span><a href=\"https:\/\/www.helloasso.com\/associations\/fonds-pure-ocean\/formulaires\/4?_ga=2.143137138.619879889.1658758463-270118278.1651841246&amp;_gl=1*1wiluh0*_ga*MjcwMTE4Mjc4LjE2NTE4NDEyNDY.*_ga_TKC826G3G2*MTY1ODc1ODQ2Mi41Ni4xLjE2NTg3NTg0ODguMA\"><span style=\"font-weight: 400;\">KITTY<\/span><\/a><span style=\"font-weight: 400;\"> AND SUPPORT THE OCEAN<\/span>!<\/p>\n<\/div><\/section><br \/>\n<section class=\"av_textblock_section \"  itemscope=\"itemscope\" itemtype=\"https:\/\/schema.org\/CreativeWork\" ><div class='avia_textblock  '   itemprop=\"text\" ><h3><b>The crew of Solenn for Pure Ocean wins the 1st edition of the Cap Martinique!<\/b><\/h3>\n<\/div><\/section><br \/>\n<section class=\"av_textblock_section \"  itemscope=\"itemscope\" itemtype=\"https:\/\/schema.org\/CreativeWork\" ><div class='avia_textblock  '   itemprop=\"text\" ><p><span style=\"font-weight: 400;\">The crew of Solenn for Pure Ocean wins the 1st edition of the Cap Martinique!<\/span><\/p>\n<p><span style=\"font-weight: 400;\">After leaving Brittany on May 1st, sailing 3800 nautical miles, racing for 20 days and going all the way, the crew of Solenn for Pure Ocean crossed the finish line in Martinique on Saturday and won this edition of the Cap Martinique!<\/span><\/p>\n<p><span style=\"font-weight: 400;\">The 20th of May 2022 is a historic day for the skippers Ludovic Gerard and Nicolas Brossay as they have won the first edition of the Cap Martinique and have thus marked the history of this race with indelible ink!<\/span><\/p>\n<p><span style=\"font-weight: 400;\">Throughout the sea crossing, the two sailors supported Pure Ocean and did not stop promoting the Fund&#8217;s actions, even though the race was fierce between the different crews!<\/span><\/p>\n<p><span style=\"font-weight: 400;\">Pure Ocean congratulates its two ambassadors and expresses its gratitude to this crew, passionate about the sea and fervent defenders of the ocean!<\/span><\/p>\n<p><span style=\"font-weight: 400;\">A huge congratulations and thank you!<\/span><\/p>\n<\/div><\/section><br \/>\n<section class=\"av_textblock_section \"  itemscope=\"itemscope\" itemtype=\"https:\/\/schema.org\/CreativeWork\" ><div class='avia_textblock  '   itemprop=\"text\" ><h3><b>Learn more about Cap Martinique<\/b><\/h3>\n<\/div><\/section><br \/>\n<section class=\"av_textblock_section \"  itemscope=\"itemscope\" itemtype=\"https:\/\/schema.org\/CreativeWork\" ><div class='avia_textblock  '   itemprop=\"text\" ><p><span style=\"font-weight: 400;\">Created by the Union Nationale pour la Course au Large (UNCL), the Transat&#8217; Cap Martinique is a new regatta, aimed at enlightened amateur sailors. The sixty registered sailboats, on boats of between 9m and 11m, double-handed or single-handed, set off from La Trinit\u00e9 sur Mer on 1 May 2022. This first edition will take the competitors to Fort de France, Martinique, via Madeira, without stopping. 3800 nautical miles to be covered in one shot, i.e. 20 to 25 days in complete autonomy!<\/span><\/p>\n<p><span style=\"font-weight: 400;\">During their crossing, the participants must support a sustainable development or societal development cause. For this edition, Ludovic Gerard and Nicolas Brossay are supporting Pure Ocean on board the Solenn for Pure Ocean!<\/span><\/p>\n<\/div><\/section><br \/>\n<section class=\"av_textblock_section \"  itemscope=\"itemscope\" itemtype=\"https:\/\/schema.org\/CreativeWork\" ><div class='avia_textblock  '   itemprop=\"text\" ><h3><b>The crew of Solenn for Pure Ocean wins the 4th edition of the DRHEAM-CUP!<\/b><\/h3>\n<\/div><\/section><br \/>\n<section class=\"av_textblock_section \"  itemscope=\"itemscope\" itemtype=\"https:\/\/schema.org\/CreativeWork\" ><div class='avia_textblock  '   itemprop=\"text\" ><p><span style=\"font-weight: 400;\">The Solenn for Pure Ocean and her great crew did it! They won the 4th edition of the DRHEAM-CUP which took place from 13 to 24 July 2022.<\/span><\/p>\n<p><span style=\"font-weight: 400;\">Leaving Cherbourg-en-Cotentin on July 17th, the crew of Solenn for Pure Ocean, Ludovic G\u00e9rard and Nicolas Brossay, is the first IRC Double to arrive in La Trinit\u00e9-sur-Mer after 3 days, 19h 44&#8217;25&#8221; of racing.<\/span><\/p>\n<p><span style=\"font-weight: 400;\">During this ocean race, they supported Pure Ocean and raised funds for ocean research. Pure Ocean thanks them and congratulates them for their commitment and determination!<\/span><\/p>\n<p><span style=\"font-weight: 400;\">Congratulations to our two ambassadors!<\/span><\/p>\n<\/div><\/section><\/p><\/div>\n<div class=\"flex_column av_two_fifth  flex_column_div av-zero-column-padding   \" style='border-radius:0px; '><p><div class='avia-image-container  av-styling-    avia-align-center '  itemscope=\"itemscope\" itemtype=\"https:\/\/schema.org\/ImageObject\"  ><div class='avia-image-container-inner'><img class='avia_image ' src='https:\/\/www.pure-ocean.org\/wp-content\/uploads\/2022\/02\/OK-Solenn-1030x1030.jpeg' alt='' title='OK Solenn'   itemprop=\"thumbnailUrl\"  \/><\/div><\/div><br \/>\n<div  class='hr hr-default  '><span class='hr-inner ' ><span class='hr-inner-style'><\/span><\/span><\/div><br \/>\n<div class='avia-image-container  av-styling-    avia-align-center '  itemscope=\"itemscope\" itemtype=\"https:\/\/schema.org\/ImageObject\"  ><div class='avia-image-container-inner'><img class='avia_image ' src='https:\/\/www.pure-ocean.org\/wp-content\/uploads\/2022\/05\/11.jpeg' alt='' title='11'   itemprop=\"thumbnailUrl\"  \/><\/div><\/div><\/p><\/div>\n<div  class='hr hr-default  '><span class='hr-inner ' ><span class='hr-inner-style'><\/span><\/span><\/div>\n<div class=\"flex_column av_one_full  flex_column_div av-zero-column-padding first  \" style='border-radius:0px; '><section class=\"av_textblock_section \"  itemscope=\"itemscope\" itemtype=\"https:\/\/schema.org\/CreativeWork\" ><div class='avia_textblock  '   itemprop=\"text\" ><h3 style=\"text-align: center;\">Discover the videos made by the crew during the Cap Martinique to talk about the Pure Ocean actions.<\/h3>\n<\/div><\/section><\/div>\n<div class=\"flex_column av_two_fifth  flex_column_div av-zero-column-padding first  \" style='border-radius:0px; '><p><div class='avia-image-container  av-styling-    avia-align-center '  itemscope=\"itemscope\" itemtype=\"https:\/\/schema.org\/ImageObject\"  ><div class='avia-image-container-inner'><a href='https:\/\/www.linkedin.com\/feed\/update\/urn:li:activity:6930249426309423104' class='avia_image'   target=\"_blank\" ><img class='avia_image ' src='https:\/\/www.pure-ocean.org\/wp-content\/uploads\/2022\/05\/Ludo-300x242.png' alt='' title='Ludo'  itemprop=\"thumbnailUrl\"  \/><\/a><\/div><\/div><br \/>\n<div class='avia-image-container  av-styling-    avia-align-center '  itemscope=\"itemscope\" itemtype=\"https:\/\/schema.org\/ImageObject\"  ><div class='avia-image-container-inner'><a href='https:\/\/www.linkedin.com\/posts\/ludovicgerard_pureocean-solennforpureocean-pureoceanlovers-activity-6934686889882890240-YV3d?utm_source=linkedin_share&amp;utm_medium=member_desktop_web' class='avia_image'   target=\"_blank\" ><img class='avia_image ' src='https:\/\/www.pure-ocean.org\/wp-content\/uploads\/2022\/05\/Ludo-3-300x166.png' alt='' title='Ludo 3'  itemprop=\"thumbnailUrl\"  \/><\/a><\/div><\/div><\/p><\/div>\n<div class=\"flex_column av_one_half  flex_column_div av-zero-column-padding   \" style='border-radius:0px; '><p><div class='avia-image-container  av-styling-    avia-align-center '  itemscope=\"itemscope\" itemtype=\"https:\/\/schema.org\/ImageObject\"  ><div class='avia-image-container-inner'><a href='https:\/\/www.linkedin.com\/posts\/ludovicgerard_pureocean-pureoceanfund-pureoceanlovers-activity-6931978287564951552-K0xh?utm_source=linkedin_share&amp;utm_medium=member_desktop_web' class='avia_image'   target=\"_blank\" ><img class='avia_image ' src='https:\/\/www.pure-ocean.org\/wp-content\/uploads\/2022\/05\/ludo-2-300x223.png' alt='' title='ludo 2'  itemprop=\"thumbnailUrl\"  \/><\/a><\/div><\/div><br \/>\n<div class='avia-image-container  av-styling-    avia-align-center '  itemscope=\"itemscope\" itemtype=\"https:\/\/schema.org\/ImageObject\"  ><div class='avia-image-container-inner'><a href='https:\/\/www.facebook.com\/jpksolenn\/videos\/417480397050702' class='avia_image'   target=\"_blank\" ><img class='avia_image ' src='https:\/\/www.pure-ocean.org\/wp-content\/uploads\/2022\/06\/Nico-300x170.png' alt='' title='Nico'  itemprop=\"thumbnailUrl\"  \/><\/a><\/div><\/div><\/p><\/div>\n<div style='height:50px' class='hr hr-invisible  '><span class='hr-inner ' ><span class='hr-inner-style'><\/span><\/span><\/div>\n<section class=\"av_textblock_section \"  itemscope=\"itemscope\" itemtype=\"https:\/\/schema.org\/CreativeWork\" ><div class='avia_textblock  '   itemprop=\"text\" ><p style=\"text-align: center;\">Discover all the videos of Ludovic and Nicolas on the <a href=\"https:\/\/www.facebook.com\/jpksolenn\/videos\">Facebook of Solenn For Pure Ocean<\/a><\/p>\n<\/div><\/section>\n<div  class='hr hr-default  '><span class='hr-inner ' ><span class='hr-inner-style'><\/span><\/span><\/div>\n<div class=\"flex_column av_one_full  flex_column_div av-zero-column-padding first  \" style='border-radius:0px; '><section class=\"av_textblock_section \"  itemscope=\"itemscope\" itemtype=\"https:\/\/schema.org\/CreativeWork\" ><div class='avia_textblock  '   itemprop=\"text\" ><h3 style=\"text-align: center;\">The press talks about it<\/h3>\n<\/div><\/section><br \/>\n<section class=\"av_textblock_section \"  itemscope=\"itemscope\" itemtype=\"https:\/\/schema.org\/CreativeWork\" ><div class='avia_textblock  '   itemprop=\"text\" ><p><a href=\"https:\/\/www.letelegramme.fr\/voile\/cap-martinique-route-des-iles-du-ponant-select-650-le-point-a-11-h-02-05-2022-13009769.php\">Voile. Cap Martinique, Route des \u00celes du Ponant, Select 650 : le point \u00e0 11 h &#8211; Le T\u00e9l\u00e9gramme<\/a><\/p>\n<p><a href=\"https:\/\/la1ere.francetvinfo.fr\/martinique\/transat-cap-martinique-les-premiers-sont-au-large-du-detroit-de-gibraltar-1280552.html\">Transat Cap Martinique : les premiers sont au large du D\u00e9troit de Gibraltar &#8211; France TV info &#8211; La Martinique<\/a><\/p>\n<p><a href=\"https:\/\/www.courseaularge.com\/cap-martinique-tout-schuss-vers-madere.html\">Cap Martinique. En route vers Mad\u00e8re, 2 abandons et plusieurs casses &#8211; Course au large<\/a><\/p>\n<p><a href=\"https:\/\/voilesetvoiliers.ouest-france.fr\/course-au-large\/cap-martinique-les-mots-des-skippers-qui-traversent-l-atlantique-comme-des-pros-ee778810-d10f-11ec-8683-fd3702e27bb5\">Cap Martinique : les mots des skippers qui traversent l\u2019Atlantique comme des pros &#8211; Voiles et voiliers<\/a><\/p>\n<p><a href=\"https:\/\/www.ouest-france.fr\/sport\/voile\/cap-martinique-brossay-et-gerard-vainqueurs-en-duo-on-va-mettre-un-moment-a-s-en-remettre-11da683e-da13-11ec-ad9e-34f960d0be64\">Cap Martinique. Brossay et G\u00e9rard vainqueurs en duo : \u00ab On va mettre un moment \u00e0 s\u2019en remettre ! \u00bb &#8211; Ouest France<\/a><\/p>\n<p><a href=\"https:\/\/www.ouest-france.fr\/sport\/voile\/cap-martinique-brossay-et-gerard-vainqueurs-en-duo-on-va-mettre-un-moment-a-s-en-remettre-11da683e-da13-11ec-ad9e-34f960d0be64\">INTERVIEW. G\u00e9rard et Brossay, vainqueurs de Cap-Martinique en double : \u00ab C\u2019est tr\u00e8s \u00e9mouvant \u00bb &#8211; Ouest France<\/a><\/p>\n<p><a href=\"https:\/\/www.courseaularge.com\/cap-martinique-gerard-et-brossay-remportent-la-cap-martinique-en-double.html\">Cap Martinique. G\u00e9rard et Brossay remportent la course en double : \u201cOn a v\u00e9cu une aventure exceptionnelle!\u201d &#8211; Course au large<\/a><\/p>\n<p><a href=\"https:\/\/www.letelegramme.fr\/voile\/ludovic-gerard-et-nicolas-brossay-remportent-la-cap-martinique-en-double-22-05-2022-13037974.php\">Voile. Ludovic G\u00e9rard et Nicolas Brossay remportent la Cap Martinique en double &#8211; Le T\u00e9l\u00e9gramme<\/a><\/p>\n<p><a href=\"https:\/\/www.martinique.franceantilles.fr\/actualite\/sports\/clap-de-fin-a-foyal-608021.php\">Clap de fin \u00e0 Foyal &#8211; France Antilles Martinique<\/a><\/p>\n<p><a href=\"https:\/\/www.adonnante.com\/54441-course-au-large-irc-cap-martinique-2022-clap-de-fin-pour-la-cap-martinique\/\">Clap de fin pour la Cap Martinique &#8211; Adonnante<\/a><\/p>\n<p><a href=\"https:\/\/www.mysailing.com.au\/french-off-shore-grand-prix-clean-sweep-for-jpk\/\">French Off Shore Grand Prix &#8211; My Sailing<\/a><\/p>\n<p><a href=\"https:\/\/voilesetvoiliers.ouest-france.fr\/course-au-large\/drheam-cup\/macaire-goodchild-chabaud-guillemot-bourgnon-tabarly-qui-sont-les-gagnants-de-la-drheam-cup-d8b5b9ac-0b20-11ed-8070-c83564411095\">Qui sont les gagnants de la Drheam Cup ? &#8211; Ouest France<\/a><\/p>\n<p><a href=\"https:\/\/www.letelegramme.fr\/voile\/drheam-cup-toutes-les-arrivees-21-07-2022-13120085.php\">Voile. Drheam Cup : toutes les derni\u00e8res arriv\u00e9es &#8211; Le T\u00e9l\u00e9gramme<\/a><\/p>\n<p><a href=\"https:\/\/voilesetvoiliers.ouest-france.fr\/course-au-large\/drheam-cup\/en-images-une-rafale-d-arrivees-a-la-trinite-sur-mer-pour-la-drheam-cup-a7c38352-0999-11ed-917e-0d51db3723ba\">EN IMAGES. Une rafale d&#8217;arriv\u00e9es \u00e0 la Trinit\u00e9-sur-Mer pour la Drheam Cup &#8211; Ouest France<\/a><\/p>\n<p><a href=\"https:\/\/www.voileetmoteur.com\/voiliers\/duo-max-c-tl-marseille-voile-magazine\/115599\">Duo Max : Le CNTL-Marseille aime voir double ! &#8211; Voile et Moteur<\/a><\/p>\n<p><a href=\"https:\/\/www.jpk.fr\/course\/le-jpk-1080-solenn-for-pure-ocean-vainqueur-de-la-drheam-cup-en-irc\/\">Razzia JPK sur la Drheam Cup ! &#8211; JPK<\/a><\/p>\n<\/div><\/section><\/p><\/div>\n<div  class='hr hr-default  '><span class='hr-inner ' ><span class='hr-inner-style'><\/span><\/span><\/div>\n<section class=\"av_textblock_section \"  itemscope=\"itemscope\" itemtype=\"https:\/\/schema.org\/CreativeWork\" ><div class='avia_textblock  '   itemprop=\"text\" ><h3 style=\"text-align: center;\">Contacts<\/h3>\n<\/div><\/section>\n<section class=\"av_textblock_section \"  itemscope=\"itemscope\" itemtype=\"https:\/\/schema.org\/CreativeWork\" ><div class='avia_textblock  '   itemprop=\"text\" ><p><b>PURE OCEAN<\/b><\/p>\n<p><span style=\"font-weight: 400;\">Project team : <\/span><a href=\"mailto:clement@pure-ocean.org\"><span style=\"font-weight: 400;\">mission@pure-ocean.org<\/span><\/a><\/p>\n<\/div><\/section>\n","protected":false},"excerpt":{"rendered":"","protected":false},"author":1,"featured_media":0,"parent":1314,"menu_order":0,"comment_status":"closed","ping_status":"closed","template":"","meta":{"_uf_show_specific_survey":0,"_uf_disable_surveys":false,"footnotes":""},"class_list":["post-9038","page","type-page","status-publish","hentry"],"yoast_head":"<!-- This site is optimized with the Yoast SEO plugin v27.3 - https:\/\/yoast.com\/product\/yoast-seo-wordpress\/ -->\n<title>Solenn for Pure Ocean - Pure Ocean<\/title>\n<meta name=\"robots\" content=\"index, follow, max-snippet:-1, max-image-preview:large, max-video-preview:-1\" \/>\n<link rel=\"canonical\" href=\"https:\/\/www.pure-ocean.org\/en\/race-for-pure-ocean\/solenn-for-pure-ocean\/\" \/>\n<meta property=\"og:locale\" content=\"en_US\" \/>\n<meta property=\"og:type\" content=\"article\" \/>\n<meta property=\"og:title\" content=\"Solenn for Pure Ocean - Pure Ocean\" \/>\n<meta property=\"og:url\" content=\"https:\/\/www.pure-ocean.org\/en\/race-for-pure-ocean\/solenn-for-pure-ocean\/\" \/>\n<meta property=\"og:site_name\" content=\"Pure Ocean\" \/>\n<meta property=\"article:publisher\" content=\"https:\/\/www.facebook.com\/PureOceanFund\/\" \/>\n<meta property=\"article:modified_time\" content=\"2022-12-21T09:38:04+00:00\" \/>\n<meta name=\"twitter:card\" content=\"summary_large_image\" \/>\n<meta name=\"twitter:site\" content=\"@PureOceanFund\" \/>\n<meta name=\"twitter:label1\" content=\"Est. reading time\" \/>\n\t<meta name=\"twitter:data1\" content=\"12 minutes\" \/>\n<script type=\"application\/ld+json\" class=\"yoast-schema-graph\">{\"@context\":\"https:\\\/\\\/schema.org\",\"@graph\":[{\"@type\":\"WebPage\",\"@id\":\"https:\\\/\\\/www.pure-ocean.org\\\/en\\\/race-for-pure-ocean\\\/solenn-for-pure-ocean\\\/\",\"url\":\"https:\\\/\\\/www.pure-ocean.org\\\/en\\\/race-for-pure-ocean\\\/solenn-for-pure-ocean\\\/\",\"name\":\"Solenn for Pure Ocean - Pure Ocean\",\"isPartOf\":{\"@id\":\"https:\\\/\\\/www.pure-ocean.org\\\/#website\"},\"datePublished\":\"2022-05-10T14:24:00+00:00\",\"dateModified\":\"2022-12-21T09:38:04+00:00\",\"breadcrumb\":{\"@id\":\"https:\\\/\\\/www.pure-ocean.org\\\/en\\\/race-for-pure-ocean\\\/solenn-for-pure-ocean\\\/#breadcrumb\"},\"inLanguage\":\"en-US\",\"potentialAction\":[{\"@type\":\"ReadAction\",\"target\":[\"https:\\\/\\\/www.pure-ocean.org\\\/en\\\/race-for-pure-ocean\\\/solenn-for-pure-ocean\\\/\"]}]},{\"@type\":\"BreadcrumbList\",\"@id\":\"https:\\\/\\\/www.pure-ocean.org\\\/en\\\/race-for-pure-ocean\\\/solenn-for-pure-ocean\\\/#breadcrumb\",\"itemListElement\":[{\"@type\":\"ListItem\",\"position\":1,\"name\":\"Accueil\",\"item\":\"https:\\\/\\\/www.pure-ocean.org\\\/en\\\/home\\\/\"},{\"@type\":\"ListItem\",\"position\":2,\"name\":\"Race for Pure Ocean\",\"item\":\"https:\\\/\\\/www.pure-ocean.org\\\/en\\\/race-for-pure-ocean\\\/\"},{\"@type\":\"ListItem\",\"position\":3,\"name\":\"Solenn for Pure Ocean\"}]},{\"@type\":\"WebSite\",\"@id\":\"https:\\\/\\\/www.pure-ocean.org\\\/#website\",\"url\":\"https:\\\/\\\/www.pure-ocean.org\\\/\",\"name\":\"Pure Ocean\",\"description\":\"L&#039;innovation au service de l&#039;oc\u00e9an\",\"publisher\":{\"@id\":\"https:\\\/\\\/www.pure-ocean.org\\\/#organization\"},\"potentialAction\":[{\"@type\":\"SearchAction\",\"target\":{\"@type\":\"EntryPoint\",\"urlTemplate\":\"https:\\\/\\\/www.pure-ocean.org\\\/?s={search_term_string}\"},\"query-input\":{\"@type\":\"PropertyValueSpecification\",\"valueRequired\":true,\"valueName\":\"search_term_string\"}}],\"inLanguage\":\"en-US\"},{\"@type\":\"Organization\",\"@id\":\"https:\\\/\\\/www.pure-ocean.org\\\/#organization\",\"name\":\"Pure Ocean\",\"url\":\"https:\\\/\\\/www.pure-ocean.org\\\/\",\"logo\":{\"@type\":\"ImageObject\",\"inLanguage\":\"en-US\",\"@id\":\"https:\\\/\\\/www.pure-ocean.org\\\/#\\\/schema\\\/logo\\\/image\\\/\",\"url\":\"https:\\\/\\\/www.pure-ocean.org\\\/wp-content\\\/uploads\\\/2022\\\/01\\\/LOGO-FINAL-carre-03.png\",\"contentUrl\":\"https:\\\/\\\/www.pure-ocean.org\\\/wp-content\\\/uploads\\\/2022\\\/01\\\/LOGO-FINAL-carre-03.png\",\"width\":472,\"height\":472,\"caption\":\"Pure Ocean\"},\"image\":{\"@id\":\"https:\\\/\\\/www.pure-ocean.org\\\/#\\\/schema\\\/logo\\\/image\\\/\"},\"sameAs\":[\"https:\\\/\\\/www.facebook.com\\\/PureOceanFund\\\/\",\"https:\\\/\\\/x.com\\\/PureOceanFund\",\"https:\\\/\\\/www.linkedin.com\\\/company\\\/27024658\\\/admin\\\/\",\"https:\\\/\\\/www.instagram.com\\\/pureoceanfund\\\/\"]}]}<\/script>\n<!-- \/ Yoast SEO plugin. -->","yoast_head_json":{"title":"Solenn for Pure Ocean - Pure Ocean","robots":{"index":"index","follow":"follow","max-snippet":"max-snippet:-1","max-image-preview":"max-image-preview:large","max-video-preview":"max-video-preview:-1"},"canonical":"https:\/\/www.pure-ocean.org\/en\/race-for-pure-ocean\/solenn-for-pure-ocean\/","og_locale":"en_US","og_type":"article","og_title":"Solenn for Pure Ocean - Pure Ocean","og_url":"https:\/\/www.pure-ocean.org\/en\/race-for-pure-ocean\/solenn-for-pure-ocean\/","og_site_name":"Pure Ocean","article_publisher":"https:\/\/www.facebook.com\/PureOceanFund\/","article_modified_time":"2022-12-21T09:38:04+00:00","twitter_card":"summary_large_image","twitter_site":"@PureOceanFund","twitter_misc":{"Est. reading time":"12 minutes"},"schema":{"@context":"https:\/\/schema.org","@graph":[{"@type":"WebPage","@id":"https:\/\/www.pure-ocean.org\/en\/race-for-pure-ocean\/solenn-for-pure-ocean\/","url":"https:\/\/www.pure-ocean.org\/en\/race-for-pure-ocean\/solenn-for-pure-ocean\/","name":"Solenn for Pure Ocean - Pure Ocean","isPartOf":{"@id":"https:\/\/www.pure-ocean.org\/#website"},"datePublished":"2022-05-10T14:24:00+00:00","dateModified":"2022-12-21T09:38:04+00:00","breadcrumb":{"@id":"https:\/\/www.pure-ocean.org\/en\/race-for-pure-ocean\/solenn-for-pure-ocean\/#breadcrumb"},"inLanguage":"en-US","potentialAction":[{"@type":"ReadAction","target":["https:\/\/www.pure-ocean.org\/en\/race-for-pure-ocean\/solenn-for-pure-ocean\/"]}]},{"@type":"BreadcrumbList","@id":"https:\/\/www.pure-ocean.org\/en\/race-for-pure-ocean\/solenn-for-pure-ocean\/#breadcrumb","itemListElement":[{"@type":"ListItem","position":1,"name":"Accueil","item":"https:\/\/www.pure-ocean.org\/en\/home\/"},{"@type":"ListItem","position":2,"name":"Race for Pure Ocean","item":"https:\/\/www.pure-ocean.org\/en\/race-for-pure-ocean\/"},{"@type":"ListItem","position":3,"name":"Solenn for Pure Ocean"}]},{"@type":"WebSite","@id":"https:\/\/www.pure-ocean.org\/#website","url":"https:\/\/www.pure-ocean.org\/","name":"Pure Ocean","description":"L&#039;innovation au service de l&#039;oc\u00e9an","publisher":{"@id":"https:\/\/www.pure-ocean.org\/#organization"},"potentialAction":[{"@type":"SearchAction","target":{"@type":"EntryPoint","urlTemplate":"https:\/\/www.pure-ocean.org\/?s={search_term_string}"},"query-input":{"@type":"PropertyValueSpecification","valueRequired":true,"valueName":"search_term_string"}}],"inLanguage":"en-US"},{"@type":"Organization","@id":"https:\/\/www.pure-ocean.org\/#organization","name":"Pure Ocean","url":"https:\/\/www.pure-ocean.org\/","logo":{"@type":"ImageObject","inLanguage":"en-US","@id":"https:\/\/www.pure-ocean.org\/#\/schema\/logo\/image\/","url":"https:\/\/www.pure-ocean.org\/wp-content\/uploads\/2022\/01\/LOGO-FINAL-carre-03.png","contentUrl":"https:\/\/www.pure-ocean.org\/wp-content\/uploads\/2022\/01\/LOGO-FINAL-carre-03.png","width":472,"height":472,"caption":"Pure Ocean"},"image":{"@id":"https:\/\/www.pure-ocean.org\/#\/schema\/logo\/image\/"},"sameAs":["https:\/\/www.facebook.com\/PureOceanFund\/","https:\/\/x.com\/PureOceanFund","https:\/\/www.linkedin.com\/company\/27024658\/admin\/","https:\/\/www.instagram.com\/pureoceanfund\/"]}]}},"_links":{"self":[{"href":"https:\/\/www.pure-ocean.org\/en\/wp-json\/wp\/v2\/pages\/9038","targetHints":{"allow":["GET"]}}],"collection":[{"href":"https:\/\/www.pure-ocean.org\/en\/wp-json\/wp\/v2\/pages"}],"about":[{"href":"https:\/\/www.pure-ocean.org\/en\/wp-json\/wp\/v2\/types\/page"}],"author":[{"embeddable":true,"href":"https:\/\/www.pure-ocean.org\/en\/wp-json\/wp\/v2\/users\/1"}],"replies":[{"embeddable":true,"href":"https:\/\/www.pure-ocean.org\/en\/wp-json\/wp\/v2\/comments?post=9038"}],"version-history":[{"count":16,"href":"https:\/\/www.pure-ocean.org\/en\/wp-json\/wp\/v2\/pages\/9038\/revisions"}],"predecessor-version":[{"id":12095,"href":"https:\/\/www.pure-ocean.org\/en\/wp-json\/wp\/v2\/pages\/9038\/revisions\/12095"}],"up":[{"embeddable":true,"href":"https:\/\/www.pure-ocean.org\/en\/wp-json\/wp\/v2\/pages\/1314"}],"wp:attachment":[{"href":"https:\/\/www.pure-ocean.org\/en\/wp-json\/wp\/v2\/media?parent=9038"}],"curies":[{"name":"wp","href":"https:\/\/api.w.org\/{rel}","templated":true}]}}