{"id":4655,"date":"2020-09-03T17:13:07","date_gmt":"2020-09-03T15:13:07","guid":{"rendered":"https:\/\/www.pure-ocean.org\/?page_id=4655"},"modified":"2020-09-03T17:13:07","modified_gmt":"2020-09-03T15:13:07","slug":"pure-ocean-lover-pack","status":"publish","type":"page","link":"https:\/\/www.pure-ocean.org\/en\/pure-ocean-lover-pack\/","title":{"rendered":"Pure Ocean Lover Pack"},"content":{"rendered":"<\/div><\/div><\/div><!-- close content main div --><\/div><\/div><div id='av_section_1' class='avia-section main_color avia-section-default avia-no-border-styling avia-full-stretch avia-bg-style-scroll   av-minimum-height av-minimum-height-custom container_wrap sidebar_right' style = 'background-repeat: no-repeat; background-image: url(https:\/\/www.pure-ocean.org\/wp-content\/uploads\/2020\/09\/BANNER-POLOVERPACK.jpeg); background-attachment: scroll; background-position: center center; ' data-section-bg-repeat='stretch' ><div class='container' style='height:550px'><div class='template-page content  av-content-small alpha units'><div class='post-entry post-entry-type-page post-entry-4655'><div class='entry-content-wrapper clearfix'><\/div><\/div><\/div><!-- close content main div --><\/div><\/div><div id='after_section_1' class='main_color av_default_container_wrap container_wrap sidebar_right'   ><div class='container' ><div class='template-page content  av-content-small alpha units'><div class='post-entry post-entry-type-page post-entry-4655'><div class='entry-content-wrapper clearfix'>\n<\/div><\/div><\/div><!-- close content main div --><\/div><\/div><div id='av_section_2' class='avia-section main_color avia-section-default avia-no-shadow avia-bg-style-scroll   container_wrap sidebar_right'   ><div class='container' ><div class='template-page content  av-content-small alpha units'><div class='post-entry post-entry-type-page post-entry-4655'><div class='entry-content-wrapper clearfix'>\n<div class=\"flex_column av_two_fifth  flex_column_div av-zero-column-padding first  \" style='border-radius:0px; '><p><div class='avia-image-container  av-styling-    avia-align-center '  itemscope=\"itemscope\" itemtype=\"https:\/\/schema.org\/ImageObject\"  ><div class='avia-image-container-inner'><img class='avia_image ' src='https:\/\/www.pure-ocean.org\/wp-content\/uploads\/2020\/09\/COUV-POLOVERPACK.jpg' alt='' title='COUV-POLOVERPACK'   itemprop=\"thumbnailUrl\"  \/><\/div><\/div><br \/>\n<div style='height:30px' class='hr hr-invisible  '><span class='hr-inner ' ><span class='hr-inner-style'><\/span><\/span><\/div><br \/>\n<section class=\"av_textblock_section \"  itemscope=\"itemscope\" itemtype=\"https:\/\/schema.org\/CreativeWork\" ><div class='avia_textblock  '   itemprop=\"text\" ><blockquote>\n<h3><em><strong> <span class=\"fontstyle0\">Je m&#8217;engage pour la plan\u00e8te,<br \/>\nje ramasse les d\u00e9chets sauvages.<br \/>\nL&#8217;oc\u00e9an ne sera pas une poubelle,<br \/>\nj&#8217;adopte le Pure Ocean Lover Pack !<\/span> <\/strong><\/em><\/h3>\n<\/blockquote>\n<\/div><\/section><\/p><\/div><div class=\"flex_column av_one_fourth  flex_column_div av-zero-column-padding   \" style='border-radius:0px; '><p><div class='avia-image-container  av-styling-    avia-align-center '  itemscope=\"itemscope\" itemtype=\"https:\/\/schema.org\/ImageObject\"  ><div class='avia-image-container-inner'><img class='avia_image ' src='https:\/\/www.pure-ocean.org\/wp-content\/uploads\/2020\/09\/250.png' alt='' title='250'   itemprop=\"thumbnailUrl\"  \/><\/div><\/div><br \/>\n<div class='avia-image-container  av-styling-    avia-align-center '  itemscope=\"itemscope\" itemtype=\"https:\/\/schema.org\/ImageObject\"  ><div class='avia-image-container-inner'><img class='avia_image ' src='https:\/\/www.pure-ocean.org\/wp-content\/uploads\/2020\/09\/80.png' alt='' title='80'   itemprop=\"thumbnailUrl\"  \/><\/div><\/div><br \/>\n<div class='avia-image-container  av-styling-    avia-align-center '  itemscope=\"itemscope\" itemtype=\"https:\/\/schema.org\/ImageObject\"  ><div class='avia-image-container-inner'><img class='avia_image ' src='https:\/\/www.pure-ocean.org\/wp-content\/uploads\/2020\/09\/1MILLION.png' alt='' title='1MILLION'   itemprop=\"thumbnailUrl\"  \/><\/div><\/div><\/p><\/div><div class=\"flex_column av_one_third  flex_column_div av-zero-column-padding   \" style='border-radius:0px; '><p><div style='padding-bottom:10px;' class='av-special-heading av-special-heading-h2    '><h2 class='av-special-heading-tag '  itemprop=\"headline\"  >LE PURE OCEAN LOVER PACK, UNE ACTION RESPONSABLE ENGAG\u00c9E ET ENGAGEANTE<\/h2><div class='special-heading-border'><div class='special-heading-inner-border' ><\/div><\/div><\/div><br \/>\n<div style='height:30px' class='hr hr-invisible  '><span class='hr-inner ' ><span class='hr-inner-style'><\/span><\/span><\/div><br \/>\n<section class=\"av_textblock_section \"  itemscope=\"itemscope\" itemtype=\"https:\/\/schema.org\/CreativeWork\" ><div class='avia_textblock  '   itemprop=\"text\" ><p><span class=\"fontstyle0\"><strong>Chacun peut agir pour prot\u00e9ger l\u2019oc\u00e9an !<\/strong><br \/>\n<\/span><\/p>\n<p><span class=\"fontstyle2\">La Fondation Pure Ocean propose un sac poubelle 100% biod\u00e9gradable, marqu\u00e9 d\u2019un slogan engageant, dont la fonction sera d\u2019inviter son \u00ab b\u00e9n\u00e9ficiaire \u00bb, quand il le souhaite, \u00e0 le remplir de d\u00e9chets trouv\u00e9s en ville ou dans la nature. <\/span><\/p>\n<p><span class=\"fontstyle2\">Ce sac d\u00e9passe sa fonctionnalit\u00e9 premi\u00e8re de contenir des d\u00e9chets pour devenir porteur de sens et \u00eatre un v\u00e9ritable messager.<\/span><\/p>\n<\/div><\/section><br \/>\n<div style='height:30px' class='hr hr-invisible  '><span class='hr-inner ' ><span class='hr-inner-style'><\/span><\/span><\/div><br \/>\n<section class=\"av_textblock_section \"  itemscope=\"itemscope\" itemtype=\"https:\/\/schema.org\/CreativeWork\" ><div class='avia_textblock  '   itemprop=\"text\" ><p><strong> <span class=\"fontstyle0\">VOS ENGAGEMENTS<\/span><\/strong><\/p>\n<p><span class=\"fontstyle2\">En offrant le Pure Ocean Lover Pack, 100% fabriqu\u00e9 en France,<br \/>\n<\/span><span class=\"fontstyle3\">&gt; <\/span><span class=\"fontstyle2\">vous cr\u00e9ez de l\u2019engagement<br \/>\n<\/span><span class=\"fontstyle3\">&gt; <\/span><span class=\"fontstyle2\">vous devenez partenaire de la Fondation Pure Ocean qui prot\u00e8ge l\u2019Oc\u00e9an<br \/>\n<\/span><span class=\"fontstyle3\">&gt; <\/span><span class=\"fontstyle2\">vous financez, via Pure Ocean, des programmes innovants de recherche oc\u00e9anique<br \/>\n<\/span><span class=\"fontstyle3\">&gt; <\/span><span class=\"fontstyle2\">vous sensibilisez le plus grand nombre \u00e0 la n\u00e9cessit\u00e9 de pr\u00e9server la biodiversit\u00e9<br \/>\n<\/span><span class=\"fontstyle3\">&gt; <\/span><span class=\"fontstyle2\">vous communiquez votre engagement.<\/span><\/p>\n<\/div><\/section><\/p><\/div><\/div><\/div><\/div><!-- close content main div --><\/div><\/div><div id='after_section_2' class='main_color av_default_container_wrap container_wrap sidebar_right'   ><div class='container' ><div class='template-page content  av-content-small alpha units'><div class='post-entry post-entry-type-page post-entry-4655'><div class='entry-content-wrapper clearfix'>\n","protected":false},"excerpt":{"rendered":"","protected":false},"author":1,"featured_media":0,"parent":0,"menu_order":0,"comment_status":"closed","ping_status":"closed","template":"","meta":{"_uf_show_specific_survey":0,"_uf_disable_surveys":false,"footnotes":""},"class_list":["post-4655","page","type-page","status-publish","hentry"],"yoast_head":"<!-- This site is optimized with the Yoast SEO plugin v27.4 - https:\/\/yoast.com\/product\/yoast-seo-wordpress\/ -->\n<title>Pure Ocean Lover Pack - Pure Ocean<\/title>\n<meta name=\"robots\" content=\"index, follow, max-snippet:-1, max-image-preview:large, max-video-preview:-1\" \/>\n<link rel=\"canonical\" href=\"https:\/\/www.pure-ocean.org\/en\/pure-ocean-lover-pack\/\" \/>\n<meta property=\"og:locale\" content=\"en_US\" \/>\n<meta property=\"og:type\" content=\"article\" \/>\n<meta property=\"og:title\" content=\"Pure Ocean Lover Pack - Pure Ocean\" \/>\n<meta property=\"og:url\" content=\"https:\/\/www.pure-ocean.org\/en\/pure-ocean-lover-pack\/\" \/>\n<meta property=\"og:site_name\" content=\"Pure Ocean\" \/>\n<meta property=\"article:publisher\" content=\"https:\/\/www.facebook.com\/PureOceanFund\/\" \/>\n<meta name=\"twitter:card\" content=\"summary_large_image\" \/>\n<meta name=\"twitter:site\" content=\"@PureOceanFund\" \/>\n<meta name=\"twitter:label1\" content=\"Est. reading time\" \/>\n\t<meta name=\"twitter:data1\" content=\"5 minutes\" \/>\n<script type=\"application\/ld+json\" class=\"yoast-schema-graph\">{\"@context\":\"https:\\\/\\\/schema.org\",\"@graph\":[{\"@type\":\"WebPage\",\"@id\":\"https:\\\/\\\/www.pure-ocean.org\\\/en\\\/pure-ocean-lover-pack\\\/\",\"url\":\"https:\\\/\\\/www.pure-ocean.org\\\/en\\\/pure-ocean-lover-pack\\\/\",\"name\":\"Pure Ocean Lover Pack - Pure Ocean\",\"isPartOf\":{\"@id\":\"https:\\\/\\\/www.pure-ocean.org\\\/#website\"},\"datePublished\":\"2020-09-03T15:13:07+00:00\",\"breadcrumb\":{\"@id\":\"https:\\\/\\\/www.pure-ocean.org\\\/en\\\/pure-ocean-lover-pack\\\/#breadcrumb\"},\"inLanguage\":\"en-US\",\"potentialAction\":[{\"@type\":\"ReadAction\",\"target\":[\"https:\\\/\\\/www.pure-ocean.org\\\/en\\\/pure-ocean-lover-pack\\\/\"]}]},{\"@type\":\"BreadcrumbList\",\"@id\":\"https:\\\/\\\/www.pure-ocean.org\\\/en\\\/pure-ocean-lover-pack\\\/#breadcrumb\",\"itemListElement\":[{\"@type\":\"ListItem\",\"position\":1,\"name\":\"Accueil\",\"item\":\"https:\\\/\\\/www.pure-ocean.org\\\/en\\\/home\\\/\"},{\"@type\":\"ListItem\",\"position\":2,\"name\":\"Pure Ocean Lover Pack\"}]},{\"@type\":\"WebSite\",\"@id\":\"https:\\\/\\\/www.pure-ocean.org\\\/#website\",\"url\":\"https:\\\/\\\/www.pure-ocean.org\\\/\",\"name\":\"Pure Ocean\",\"description\":\"L&#039;innovation au service de l&#039;oc\u00e9an\",\"publisher\":{\"@id\":\"https:\\\/\\\/www.pure-ocean.org\\\/#organization\"},\"potentialAction\":[{\"@type\":\"SearchAction\",\"target\":{\"@type\":\"EntryPoint\",\"urlTemplate\":\"https:\\\/\\\/www.pure-ocean.org\\\/?s={search_term_string}\"},\"query-input\":{\"@type\":\"PropertyValueSpecification\",\"valueRequired\":true,\"valueName\":\"search_term_string\"}}],\"inLanguage\":\"en-US\"},{\"@type\":\"Organization\",\"@id\":\"https:\\\/\\\/www.pure-ocean.org\\\/#organization\",\"name\":\"Pure Ocean\",\"url\":\"https:\\\/\\\/www.pure-ocean.org\\\/\",\"logo\":{\"@type\":\"ImageObject\",\"inLanguage\":\"en-US\",\"@id\":\"https:\\\/\\\/www.pure-ocean.org\\\/#\\\/schema\\\/logo\\\/image\\\/\",\"url\":\"https:\\\/\\\/www.pure-ocean.org\\\/wp-content\\\/uploads\\\/2022\\\/01\\\/LOGO-FINAL-carre-03.png\",\"contentUrl\":\"https:\\\/\\\/www.pure-ocean.org\\\/wp-content\\\/uploads\\\/2022\\\/01\\\/LOGO-FINAL-carre-03.png\",\"width\":472,\"height\":472,\"caption\":\"Pure Ocean\"},\"image\":{\"@id\":\"https:\\\/\\\/www.pure-ocean.org\\\/#\\\/schema\\\/logo\\\/image\\\/\"},\"sameAs\":[\"https:\\\/\\\/www.facebook.com\\\/PureOceanFund\\\/\",\"https:\\\/\\\/x.com\\\/PureOceanFund\",\"https:\\\/\\\/www.linkedin.com\\\/company\\\/27024658\\\/admin\\\/\",\"https:\\\/\\\/www.instagram.com\\\/pureoceanfund\\\/\"]}]}<\/script>\n<!-- \/ Yoast SEO plugin. -->","yoast_head_json":{"title":"Pure Ocean Lover Pack - Pure Ocean","robots":{"index":"index","follow":"follow","max-snippet":"max-snippet:-1","max-image-preview":"max-image-preview:large","max-video-preview":"max-video-preview:-1"},"canonical":"https:\/\/www.pure-ocean.org\/en\/pure-ocean-lover-pack\/","og_locale":"en_US","og_type":"article","og_title":"Pure Ocean Lover Pack - Pure Ocean","og_url":"https:\/\/www.pure-ocean.org\/en\/pure-ocean-lover-pack\/","og_site_name":"Pure Ocean","article_publisher":"https:\/\/www.facebook.com\/PureOceanFund\/","twitter_card":"summary_large_image","twitter_site":"@PureOceanFund","twitter_misc":{"Est. reading time":"5 minutes"},"schema":{"@context":"https:\/\/schema.org","@graph":[{"@type":"WebPage","@id":"https:\/\/www.pure-ocean.org\/en\/pure-ocean-lover-pack\/","url":"https:\/\/www.pure-ocean.org\/en\/pure-ocean-lover-pack\/","name":"Pure Ocean Lover Pack - Pure Ocean","isPartOf":{"@id":"https:\/\/www.pure-ocean.org\/#website"},"datePublished":"2020-09-03T15:13:07+00:00","breadcrumb":{"@id":"https:\/\/www.pure-ocean.org\/en\/pure-ocean-lover-pack\/#breadcrumb"},"inLanguage":"en-US","potentialAction":[{"@type":"ReadAction","target":["https:\/\/www.pure-ocean.org\/en\/pure-ocean-lover-pack\/"]}]},{"@type":"BreadcrumbList","@id":"https:\/\/www.pure-ocean.org\/en\/pure-ocean-lover-pack\/#breadcrumb","itemListElement":[{"@type":"ListItem","position":1,"name":"Accueil","item":"https:\/\/www.pure-ocean.org\/en\/home\/"},{"@type":"ListItem","position":2,"name":"Pure Ocean Lover Pack"}]},{"@type":"WebSite","@id":"https:\/\/www.pure-ocean.org\/#website","url":"https:\/\/www.pure-ocean.org\/","name":"Pure Ocean","description":"L&#039;innovation au service de l&#039;oc\u00e9an","publisher":{"@id":"https:\/\/www.pure-ocean.org\/#organization"},"potentialAction":[{"@type":"SearchAction","target":{"@type":"EntryPoint","urlTemplate":"https:\/\/www.pure-ocean.org\/?s={search_term_string}"},"query-input":{"@type":"PropertyValueSpecification","valueRequired":true,"valueName":"search_term_string"}}],"inLanguage":"en-US"},{"@type":"Organization","@id":"https:\/\/www.pure-ocean.org\/#organization","name":"Pure Ocean","url":"https:\/\/www.pure-ocean.org\/","logo":{"@type":"ImageObject","inLanguage":"en-US","@id":"https:\/\/www.pure-ocean.org\/#\/schema\/logo\/image\/","url":"https:\/\/www.pure-ocean.org\/wp-content\/uploads\/2022\/01\/LOGO-FINAL-carre-03.png","contentUrl":"https:\/\/www.pure-ocean.org\/wp-content\/uploads\/2022\/01\/LOGO-FINAL-carre-03.png","width":472,"height":472,"caption":"Pure Ocean"},"image":{"@id":"https:\/\/www.pure-ocean.org\/#\/schema\/logo\/image\/"},"sameAs":["https:\/\/www.facebook.com\/PureOceanFund\/","https:\/\/x.com\/PureOceanFund","https:\/\/www.linkedin.com\/company\/27024658\/admin\/","https:\/\/www.instagram.com\/pureoceanfund\/"]}]}},"_links":{"self":[{"href":"https:\/\/www.pure-ocean.org\/en\/wp-json\/wp\/v2\/pages\/4655","targetHints":{"allow":["GET"]}}],"collection":[{"href":"https:\/\/www.pure-ocean.org\/en\/wp-json\/wp\/v2\/pages"}],"about":[{"href":"https:\/\/www.pure-ocean.org\/en\/wp-json\/wp\/v2\/types\/page"}],"author":[{"embeddable":true,"href":"https:\/\/www.pure-ocean.org\/en\/wp-json\/wp\/v2\/users\/1"}],"replies":[{"embeddable":true,"href":"https:\/\/www.pure-ocean.org\/en\/wp-json\/wp\/v2\/comments?post=4655"}],"version-history":[{"count":19,"href":"https:\/\/www.pure-ocean.org\/en\/wp-json\/wp\/v2\/pages\/4655\/revisions"}],"predecessor-version":[{"id":5469,"href":"https:\/\/www.pure-ocean.org\/en\/wp-json\/wp\/v2\/pages\/4655\/revisions\/5469"}],"wp:attachment":[{"href":"https:\/\/www.pure-ocean.org\/en\/wp-json\/wp\/v2\/media?parent=4655"}],"curies":[{"name":"wp","href":"https:\/\/api.w.org\/{rel}","templated":true}]}}