{"id":2362,"date":"2019-10-22T17:07:07","date_gmt":"2019-10-22T15:07:07","guid":{"rendered":"https:\/\/www.pure-ocean.org\/?page_id=2362"},"modified":"2023-07-31T18:26:12","modified_gmt":"2023-07-31T16:26:12","slug":"coastal-ocean-watch","status":"publish","type":"page","link":"https:\/\/www.pure-ocean.org\/en\/our-projects\/coastal-ocean-watch\/","title":{"rendered":"Coastal Ocean Watch"},"content":{"rendered":"<\/div><\/div><\/div><!-- close content main div --><\/div><\/div><div id='av_section_1' class='avia-section main_color avia-section-default avia-no-shadow av-parallax-section avia-bg-style-parallax   av-minimum-height av-minimum-height-custom container_wrap sidebar_right'  data-section-bg-repeat='no-repeat' ><div class='av-parallax' data-avia-parallax-ratio='0.3' ><div class='av-parallax-inner main_color  avia-full-stretch' style = 'background-repeat: no-repeat; background-image: url(https:\/\/www.pure-ocean.org\/wp-content\/uploads\/2019\/11\/satellite-1.jpg); background-attachment: scroll; background-position: top left; ' ><\/div><\/div><div class='container' style='height:400px'><div class='template-page content  av-content-small alpha units'><div class='post-entry post-entry-type-page post-entry-2362'><div class='entry-content-wrapper clearfix'><\/div><\/div><\/div><!-- close content main div --><\/div><\/div><div id='after_section_1' class='main_color av_default_container_wrap container_wrap sidebar_right'   ><div class='container' ><div class='template-page content  av-content-small alpha units'><div class='post-entry post-entry-type-page post-entry-2362'><div class='entry-content-wrapper clearfix'>\n<div class=\"flex_column av_one_full  flex_column_div av-zero-column-padding first  \" style='border-radius:0px; '><p><div class='avia-button-wrap avia-button-left '><a href='' class='avia-button av-icon-on-hover  avia-icon_select-yes-left-icon avia-color-custom avia-size-medium avia-position-left '  style='background-color:#071562; border-color:#071562; color:#ffffff; ' ><span class='avia_button_icon avia_button_icon_left ' aria-hidden='true' data-av_icon='\ue845' data-av_iconfont='entypo-fontello'><\/span><span class='avia_iconbox_title' >IMPROVE OUR KNOWLEDGE OF THE OCEAN SYSTEM<\/span><\/a><\/div><br \/>\n<section class=\"av_textblock_section \"  itemscope=\"itemscope\" itemtype=\"https:\/\/schema.org\/CreativeWork\" ><div class='avia_textblock  av_inherit_color '  style='color:#071562; '  itemprop=\"text\" ><h4><\/h4>\n<h1>COASTAL OCEAN WATCH<\/h1>\n<p><b>Using spatial remote sensing to assess and analyze the quality of Europe&#8217;s coastal waters<\/b><\/p>\n<\/div><\/section><br \/>\n<div  class='hr hr-default  '><span class='hr-inner ' ><span class='hr-inner-style'><\/span><\/span><\/div><\/p><\/div><div class=\"flex_column av_two_third  flex_column_div av-zero-column-padding first  \" style='border-radius:0px; '><section class=\"av_textblock_section \"  itemscope=\"itemscope\" itemtype=\"https:\/\/schema.org\/CreativeWork\" ><div class='avia_textblock  '   itemprop=\"text\" ><h3><strong><em>At the interface between the ocean and the mainland, coastal waters are characterized by their  <\/em><\/strong><strong><em>high organic production. These rich and complex ecosystems are under pressure  <\/em><\/strong><strong><br \/>\n  <em>of natural and anthropogenic (i.e. human) origin that undoubtedly affect the quality <\/em><br \/>\n<\/strong><strong><br \/>\n  <em>of coastal waters, the preservation of which is essential for ecological, <\/em><br \/>\n<\/strong><strong><br \/>\n  <em>economic and societal reasons.<\/em><br \/>\n<\/strong><\/h3>\n<\/div><\/section><br \/>\n<div style='height:20px' class='hr hr-invisible  '><span class='hr-inner ' ><span class='hr-inner-style'><\/span><\/span><\/div><br \/>\n<section class=\"av_textblock_section \"  itemscope=\"itemscope\" itemtype=\"https:\/\/schema.org\/CreativeWork\" ><div class='avia_textblock  '   itemprop=\"text\" ><p>Monitoring and assessing the evolution of coastal waters is fundamental to identifying areas where significant changes are occurring, so as to prioritize appropriate actions for their preservation. In this context, satellite observation of the ocean now makes it possible to collect a range of physical and biological parameters on spatiotemporal scales inaccessible to traditional in situ measurements. Among the various parameters that can be observed from space, the measurement of water color provides qualitative and quantitative information on the biogeochemical composition of surface waters.<\/p>\n<p>Against this backdrop, the Coastal Ocean Watch project, involving researchers and engineers in remote sensing and ecology, has been developed around one main objective:<br \/>\nAssessing and analyzing temporal changes in the quality of European coastal waters over the past 20 years using spatial remote sensing of water color.<br \/>\nTo do this, we will use appropriate algorithms coupled with satellite observations to estimate certain biogeochemical parameters, providing relevant information on the water quality and trophic status of European coastal waters. The time series of these various marine parameters will then be analyzed using appropriate statistical tools to define their main temporal trends over the last 20 years. As the preservation of marine biodiversity is closely linked to environmental monitoring, this project will provide essential information to decision-makers so that they can take appropriate measures to stabilize and\/or enhance natural biodiversity.<\/p>\n<\/div><\/section><\/p><\/div><\/p>\n<div class=\"flex_column av_one_third  flex_column_div av-zero-column-padding   \" style='border-radius:0px; '><p><div style='padding-bottom:10px;' class='av-special-heading av-special-heading-h3     '><h3 class='av-special-heading-tag '  itemprop=\"headline\"  >PROJECT OBJECTIVE<\/h3><div class='special-heading-border'><div class='special-heading-inner-border' ><\/div><\/div><\/div><br \/>\n<section class=\"av_textblock_section \"  itemscope=\"itemscope\" itemtype=\"https:\/\/schema.org\/CreativeWork\" ><div class='avia_textblock  '   itemprop=\"text\" ><p>Using spatial remote sensing to assess and analyze the quality of Europe&#8217;s coastal waters<\/p>\n<\/div><\/section><br \/>\n<div style='height:30px' class='hr hr-invisible  '><span class='hr-inner ' ><span class='hr-inner-style'><\/span><\/span><\/div><br \/>\n<div  data-size='no scaling'  data-lightbox_size='large'  data-animation='slide'  data-ids='2216,2222,2221'  data-video_counter='0'  data-autoplay='true'  data-bg_slider='false'  data-slide_height=''  data-handle='av_slideshow'  data-interval='5'  data-class=' '  data-css_id=''  data-scroll_down=''  data-control_layout='av-control-default'  data-custom_markup=''  data-perma_caption=''  data-autoplay_stopper=''  data-image_attachment=''  data-min_height='0px'  class='avia-slideshow avia-slideshow-1  av-control-default av-default-height-applied avia-slideshow-no scaling av_slideshow   avia-slide-slider '  itemscope=\"itemscope\" itemtype=\"https:\/\/schema.org\/ImageObject\" ><ul class='avia-slideshow-inner' style='padding-bottom: 66.666666666667%;'><li  class=' slide-1 ' ><div data-rel='slideshow-1' class='avia-slide-wrap'  ><img src='https:\/\/www.pure-ocean.org\/wp-content\/uploads\/2019\/09\/satellite-1030782_1920.jpg' width='1920' height='1280' title='satellite-1030782_1920' alt=''  itemprop=\"thumbnailUrl\"   \/><\/div><\/li><li  class=' slide-2 ' ><div data-rel='slideshow-1' class='avia-slide-wrap'  ><img src='https:\/\/www.pure-ocean.org\/wp-content\/uploads\/2019\/09\/water-1246527_1920.jpg' width='1920' height='1440' title='water-1246527_1920' alt=''  itemprop=\"thumbnailUrl\"   \/><\/div><\/li><li  class=' slide-3 ' ><div data-rel='slideshow-1' class='avia-slide-wrap'  ><img src='https:\/\/www.pure-ocean.org\/wp-content\/uploads\/2019\/09\/Chl-a.jpg' width='960' height='540' title='Chl-a' alt=''  itemprop=\"thumbnailUrl\"   \/><\/div><\/li><\/ul><div class='avia-slideshow-arrows avia-slideshow-controls'><a href='#prev' class='prev-slide' aria-hidden='true' data-av_icon='\ue87c' data-av_iconfont='entypo-fontello'>Previous<\/a><a href='#next' class='next-slide' aria-hidden='true' data-av_icon='\ue87d' data-av_iconfont='entypo-fontello'>Next<\/a><\/div><div class='avia-slideshow-dots avia-slideshow-controls'><a href='#1' class='goto-slide active' >1<\/a><a href='#2' class='goto-slide ' >2<\/a><a href='#3' class='goto-slide ' >3<\/a><\/div><\/div><\/p><\/div>\n<div class=\"flex_column av_one_fourth  flex_column_div av-zero-column-padding first  \" style='border-radius:0px; '><p><div style='padding-bottom:10px;' class='av-special-heading av-special-heading-h3     '><h3 class='av-special-heading-tag '  itemprop=\"headline\"  >Location<\/h3><div class='special-heading-border'><div class='special-heading-inner-border' ><\/div><\/div><\/div><br \/>\n<section class=\"av_textblock_section \"  itemscope=\"itemscope\" itemtype=\"https:\/\/schema.org\/CreativeWork\" ><div class='avia_textblock  '   itemprop=\"text\" ><p><span style=\"font-weight: 400;\">Wimereux, France<\/span><\/p>\n<p>European coasts<\/p>\n<\/div><\/section><\/p><\/div>\n<div class=\"flex_column av_one_fourth  flex_column_div av-zero-column-padding   \" style='border-radius:0px; '><p><div style='padding-bottom:10px;' class='av-special-heading av-special-heading-h3    '><h3 class='av-special-heading-tag '  itemprop=\"headline\"  >Project owners<\/h3><div class='special-heading-border'><div class='special-heading-inner-border' ><\/div><\/div><\/div><br \/>\n<section class=\"av_textblock_section \"  itemscope=\"itemscope\" itemtype=\"https:\/\/schema.org\/CreativeWork\" ><div class='avia_textblock  '   itemprop=\"text\" ><p>Hubert Loisel, Laboratoire d&#8217;Oc\u00e9anologie et de G\u00e9osciences, affiliated with Universit\u00e9 Littoral-C\u00f4te d&#8217;Opale, Centre National Fran\u00e7ais de Recherche Scientifique, and Universit\u00e9 de Lille<\/p>\n<\/div><\/section><\/p><\/div>\n<div class=\"flex_column av_one_fourth  flex_column_div av-zero-column-padding   \" style='border-radius:0px; '><p><div style='padding-bottom:10px;' class='av-special-heading av-special-heading-h3    '><h3 class='av-special-heading-tag '  itemprop=\"headline\"  >Scientific partners<\/h3><div class='special-heading-border'><div class='special-heading-inner-border' ><\/div><\/div><\/div><br \/>\n<section class=\"av_textblock_section \"  itemscope=\"itemscope\" itemtype=\"https:\/\/schema.org\/CreativeWork\" ><div class='avia_textblock  '   itemprop=\"text\" ><p>Universit\u00e9 Littoral-C\u00f4te d&#8217;Opale<\/p>\n<\/div><\/section><\/p><\/div>\n<div class=\"flex_column av_one_fourth  flex_column_div av-zero-column-padding   \" style='border-radius:0px; '><p><div style='padding-bottom:10px;' class='av-special-heading av-special-heading-h3    '><h3 class='av-special-heading-tag '  itemprop=\"headline\"  >Technical partners<\/h3><div class='special-heading-border'><div class='special-heading-inner-border' ><\/div><\/div><\/div><br \/>\n<section class=\"av_textblock_section \"  itemscope=\"itemscope\" itemtype=\"https:\/\/schema.org\/CreativeWork\" ><div class='avia_textblock  '   itemprop=\"text\" ><p>LOG<\/p>\n<p>ACRI<\/p>\n<\/div><\/section><\/p><\/div>\n","protected":false},"excerpt":{"rendered":"","protected":false},"author":1,"featured_media":0,"parent":28405,"menu_order":1,"comment_status":"closed","ping_status":"closed","template":"","meta":{"_uf_show_specific_survey":0,"_uf_disable_surveys":false,"footnotes":""},"class_list":["post-2362","page","type-page","status-publish","hentry"],"yoast_head":"<!-- This site is optimized with the Yoast SEO plugin v27.4 - https:\/\/yoast.com\/product\/yoast-seo-wordpress\/ -->\n<title>Coastal Ocean Watch - Pure Ocean<\/title>\n<meta name=\"robots\" content=\"index, follow, max-snippet:-1, max-image-preview:large, max-video-preview:-1\" \/>\n<link rel=\"canonical\" href=\"https:\/\/www.pure-ocean.org\/en\/our-scientific-projects\/coastal-ocean-watch\/\" \/>\n<meta property=\"og:locale\" content=\"en_US\" \/>\n<meta property=\"og:type\" content=\"article\" \/>\n<meta property=\"og:title\" content=\"Coastal Ocean Watch - Pure Ocean\" \/>\n<meta property=\"og:url\" content=\"https:\/\/www.pure-ocean.org\/en\/our-scientific-projects\/coastal-ocean-watch\/\" \/>\n<meta property=\"og:site_name\" content=\"Pure Ocean\" \/>\n<meta property=\"article:publisher\" content=\"https:\/\/www.facebook.com\/PureOceanFund\/\" \/>\n<meta property=\"article:modified_time\" content=\"2023-07-31T16:26:12+00:00\" \/>\n<meta name=\"twitter:card\" content=\"summary_large_image\" \/>\n<meta name=\"twitter:site\" content=\"@PureOceanFund\" \/>\n<meta name=\"twitter:label1\" content=\"Est. reading time\" \/>\n\t<meta name=\"twitter:data1\" content=\"8 minutes\" \/>\n<script type=\"application\/ld+json\" class=\"yoast-schema-graph\">{\"@context\":\"https:\\\/\\\/schema.org\",\"@graph\":[{\"@type\":\"WebPage\",\"@id\":\"https:\\\/\\\/www.pure-ocean.org\\\/en\\\/our-scientific-projects\\\/coastal-ocean-watch\\\/\",\"url\":\"https:\\\/\\\/www.pure-ocean.org\\\/en\\\/our-scientific-projects\\\/coastal-ocean-watch\\\/\",\"name\":\"Coastal Ocean Watch - Pure Ocean\",\"isPartOf\":{\"@id\":\"https:\\\/\\\/www.pure-ocean.org\\\/#website\"},\"datePublished\":\"2019-10-22T15:07:07+00:00\",\"dateModified\":\"2023-07-31T16:26:12+00:00\",\"breadcrumb\":{\"@id\":\"https:\\\/\\\/www.pure-ocean.org\\\/en\\\/our-scientific-projects\\\/coastal-ocean-watch\\\/#breadcrumb\"},\"inLanguage\":\"en-US\",\"potentialAction\":[{\"@type\":\"ReadAction\",\"target\":[\"https:\\\/\\\/www.pure-ocean.org\\\/en\\\/our-scientific-projects\\\/coastal-ocean-watch\\\/\"]}]},{\"@type\":\"BreadcrumbList\",\"@id\":\"https:\\\/\\\/www.pure-ocean.org\\\/en\\\/our-scientific-projects\\\/coastal-ocean-watch\\\/#breadcrumb\",\"itemListElement\":[{\"@type\":\"ListItem\",\"position\":1,\"name\":\"Accueil\",\"item\":\"https:\\\/\\\/www.pure-ocean.org\\\/en\\\/home\\\/\"},{\"@type\":\"ListItem\",\"position\":2,\"name\":\"Our projects\",\"item\":\"https:\\\/\\\/www.pure-ocean.org\\\/en\\\/our-scientific-projects\\\/\"},{\"@type\":\"ListItem\",\"position\":3,\"name\":\"Coastal Ocean Watch\"}]},{\"@type\":\"WebSite\",\"@id\":\"https:\\\/\\\/www.pure-ocean.org\\\/#website\",\"url\":\"https:\\\/\\\/www.pure-ocean.org\\\/\",\"name\":\"Pure Ocean\",\"description\":\"L&#039;innovation au service de l&#039;oc\u00e9an\",\"publisher\":{\"@id\":\"https:\\\/\\\/www.pure-ocean.org\\\/#organization\"},\"potentialAction\":[{\"@type\":\"SearchAction\",\"target\":{\"@type\":\"EntryPoint\",\"urlTemplate\":\"https:\\\/\\\/www.pure-ocean.org\\\/?s={search_term_string}\"},\"query-input\":{\"@type\":\"PropertyValueSpecification\",\"valueRequired\":true,\"valueName\":\"search_term_string\"}}],\"inLanguage\":\"en-US\"},{\"@type\":\"Organization\",\"@id\":\"https:\\\/\\\/www.pure-ocean.org\\\/#organization\",\"name\":\"Pure Ocean\",\"url\":\"https:\\\/\\\/www.pure-ocean.org\\\/\",\"logo\":{\"@type\":\"ImageObject\",\"inLanguage\":\"en-US\",\"@id\":\"https:\\\/\\\/www.pure-ocean.org\\\/#\\\/schema\\\/logo\\\/image\\\/\",\"url\":\"https:\\\/\\\/www.pure-ocean.org\\\/wp-content\\\/uploads\\\/2022\\\/01\\\/LOGO-FINAL-carre-03.png\",\"contentUrl\":\"https:\\\/\\\/www.pure-ocean.org\\\/wp-content\\\/uploads\\\/2022\\\/01\\\/LOGO-FINAL-carre-03.png\",\"width\":472,\"height\":472,\"caption\":\"Pure Ocean\"},\"image\":{\"@id\":\"https:\\\/\\\/www.pure-ocean.org\\\/#\\\/schema\\\/logo\\\/image\\\/\"},\"sameAs\":[\"https:\\\/\\\/www.facebook.com\\\/PureOceanFund\\\/\",\"https:\\\/\\\/x.com\\\/PureOceanFund\",\"https:\\\/\\\/www.linkedin.com\\\/company\\\/27024658\\\/admin\\\/\",\"https:\\\/\\\/www.instagram.com\\\/pureoceanfund\\\/\"]}]}<\/script>\n<!-- \/ Yoast SEO plugin. -->","yoast_head_json":{"title":"Coastal Ocean Watch - Pure Ocean","robots":{"index":"index","follow":"follow","max-snippet":"max-snippet:-1","max-image-preview":"max-image-preview:large","max-video-preview":"max-video-preview:-1"},"canonical":"https:\/\/www.pure-ocean.org\/en\/our-scientific-projects\/coastal-ocean-watch\/","og_locale":"en_US","og_type":"article","og_title":"Coastal Ocean Watch - Pure Ocean","og_url":"https:\/\/www.pure-ocean.org\/en\/our-scientific-projects\/coastal-ocean-watch\/","og_site_name":"Pure Ocean","article_publisher":"https:\/\/www.facebook.com\/PureOceanFund\/","article_modified_time":"2023-07-31T16:26:12+00:00","twitter_card":"summary_large_image","twitter_site":"@PureOceanFund","twitter_misc":{"Est. reading time":"8 minutes"},"schema":{"@context":"https:\/\/schema.org","@graph":[{"@type":"WebPage","@id":"https:\/\/www.pure-ocean.org\/en\/our-scientific-projects\/coastal-ocean-watch\/","url":"https:\/\/www.pure-ocean.org\/en\/our-scientific-projects\/coastal-ocean-watch\/","name":"Coastal Ocean Watch - Pure Ocean","isPartOf":{"@id":"https:\/\/www.pure-ocean.org\/#website"},"datePublished":"2019-10-22T15:07:07+00:00","dateModified":"2023-07-31T16:26:12+00:00","breadcrumb":{"@id":"https:\/\/www.pure-ocean.org\/en\/our-scientific-projects\/coastal-ocean-watch\/#breadcrumb"},"inLanguage":"en-US","potentialAction":[{"@type":"ReadAction","target":["https:\/\/www.pure-ocean.org\/en\/our-scientific-projects\/coastal-ocean-watch\/"]}]},{"@type":"BreadcrumbList","@id":"https:\/\/www.pure-ocean.org\/en\/our-scientific-projects\/coastal-ocean-watch\/#breadcrumb","itemListElement":[{"@type":"ListItem","position":1,"name":"Accueil","item":"https:\/\/www.pure-ocean.org\/en\/home\/"},{"@type":"ListItem","position":2,"name":"Our projects","item":"https:\/\/www.pure-ocean.org\/en\/our-scientific-projects\/"},{"@type":"ListItem","position":3,"name":"Coastal Ocean Watch"}]},{"@type":"WebSite","@id":"https:\/\/www.pure-ocean.org\/#website","url":"https:\/\/www.pure-ocean.org\/","name":"Pure Ocean","description":"L&#039;innovation au service de l&#039;oc\u00e9an","publisher":{"@id":"https:\/\/www.pure-ocean.org\/#organization"},"potentialAction":[{"@type":"SearchAction","target":{"@type":"EntryPoint","urlTemplate":"https:\/\/www.pure-ocean.org\/?s={search_term_string}"},"query-input":{"@type":"PropertyValueSpecification","valueRequired":true,"valueName":"search_term_string"}}],"inLanguage":"en-US"},{"@type":"Organization","@id":"https:\/\/www.pure-ocean.org\/#organization","name":"Pure Ocean","url":"https:\/\/www.pure-ocean.org\/","logo":{"@type":"ImageObject","inLanguage":"en-US","@id":"https:\/\/www.pure-ocean.org\/#\/schema\/logo\/image\/","url":"https:\/\/www.pure-ocean.org\/wp-content\/uploads\/2022\/01\/LOGO-FINAL-carre-03.png","contentUrl":"https:\/\/www.pure-ocean.org\/wp-content\/uploads\/2022\/01\/LOGO-FINAL-carre-03.png","width":472,"height":472,"caption":"Pure Ocean"},"image":{"@id":"https:\/\/www.pure-ocean.org\/#\/schema\/logo\/image\/"},"sameAs":["https:\/\/www.facebook.com\/PureOceanFund\/","https:\/\/x.com\/PureOceanFund","https:\/\/www.linkedin.com\/company\/27024658\/admin\/","https:\/\/www.instagram.com\/pureoceanfund\/"]}]}},"_links":{"self":[{"href":"https:\/\/www.pure-ocean.org\/en\/wp-json\/wp\/v2\/pages\/2362","targetHints":{"allow":["GET"]}}],"collection":[{"href":"https:\/\/www.pure-ocean.org\/en\/wp-json\/wp\/v2\/pages"}],"about":[{"href":"https:\/\/www.pure-ocean.org\/en\/wp-json\/wp\/v2\/types\/page"}],"author":[{"embeddable":true,"href":"https:\/\/www.pure-ocean.org\/en\/wp-json\/wp\/v2\/users\/1"}],"replies":[{"embeddable":true,"href":"https:\/\/www.pure-ocean.org\/en\/wp-json\/wp\/v2\/comments?post=2362"}],"version-history":[{"count":9,"href":"https:\/\/www.pure-ocean.org\/en\/wp-json\/wp\/v2\/pages\/2362\/revisions"}],"predecessor-version":[{"id":19047,"href":"https:\/\/www.pure-ocean.org\/en\/wp-json\/wp\/v2\/pages\/2362\/revisions\/19047"}],"up":[{"embeddable":true,"href":"https:\/\/www.pure-ocean.org\/en\/wp-json\/wp\/v2\/pages\/28405"}],"wp:attachment":[{"href":"https:\/\/www.pure-ocean.org\/en\/wp-json\/wp\/v2\/media?parent=2362"}],"curies":[{"name":"wp","href":"https:\/\/api.w.org\/{rel}","templated":true}]}}