{"id":2135,"date":"2019-08-13T16:14:28","date_gmt":"2019-08-13T14:14:28","guid":{"rendered":"https:\/\/www.pure-ocean.org\/?page_id=2135"},"modified":"2023-07-31T18:27:17","modified_gmt":"2023-07-31T16:27:17","slug":"polaris","status":"publish","type":"page","link":"https:\/\/www.pure-ocean.org\/en\/our-projects\/polaris\/","title":{"rendered":"POLARIS"},"content":{"rendered":"<\/div><\/div><\/div><!-- close content main div --><\/div><\/div><div id='av_section_1' class='avia-section main_color avia-section-default avia-no-shadow av-parallax-section avia-bg-style-parallax   av-minimum-height av-minimum-height-custom container_wrap sidebar_right'  data-section-bg-repeat='no-repeat' ><div class='av-parallax' data-avia-parallax-ratio='0.3' ><div class='av-parallax-inner main_color  avia-full-stretch' style = 'background-repeat: no-repeat; background-image: url(https:\/\/www.pure-ocean.org\/wp-content\/uploads\/2019\/11\/POLARIS-R.LAMARCHE-1.jpg); background-attachment: scroll; background-position: top left; ' ><\/div><\/div><div class='container' style='height:400px'><div class='template-page content  av-content-small alpha units'><div class='post-entry post-entry-type-page post-entry-2135'><div class='entry-content-wrapper clearfix'><\/div><\/div><\/div><!-- close content main div --><\/div><\/div><div id='after_section_1' class='main_color av_default_container_wrap container_wrap sidebar_right'   ><div class='container' ><div class='template-page content  av-content-small alpha units'><div class='post-entry post-entry-type-page post-entry-2135'><div class='entry-content-wrapper clearfix'>\n<div class=\"flex_column av_four_fifth  flex_column_div av-zero-column-padding first  \" style='border-radius:0px; '><p><div class='avia-button-wrap avia-button-left '><a href='' class='avia-button av-icon-on-hover  avia-icon_select-yes-left-icon avia-color-custom avia-size-medium avia-position-left '  style='background-color:#071562; border-color:#071562; color:#ffffff; ' ><span class='avia_button_icon avia_button_icon_left ' aria-hidden='true' data-av_icon='\ue8b1' data-av_iconfont='entypo-fontello'><\/span><span class='avia_iconbox_title' >IMPROVE OUR KNOWLEDGE OF THE OCEAN SYSTEM<\/span><\/a><\/div><br \/>\n<section class=\"av_textblock_section \"  itemscope=\"itemscope\" itemtype=\"https:\/\/schema.org\/CreativeWork\" ><div class='avia_textblock  av_inherit_color '  style='color:#071562; '  itemprop=\"text\" ><h1 style=\"text-align: left;\"><strong>POLARIS<\/strong><\/h1>\n<h4>Project supported for 2019.<\/h4>\n<div><\/div>\n<div>Plateforme d&#8217;Observation du Littoral Appliqu\u00e9e \u00e0 la Recherche, \u00e0 l&#8217;Information et \u00e0 la Sensibilisation (Platform for coastal observation applied to research, information and awareness-raising)<\/div>\n<\/div><\/section><br \/>\n<div  class='hr hr-default  '><span class='hr-inner ' ><span class='hr-inner-style'><\/span><\/span><\/div><\/p><\/div><div class=\"flex_column av_one_fifth  flex_column_div av-zero-column-padding   \" style='border-radius:0px; '><div class='avia-image-container  av-styling-    avia-align-center '  itemscope=\"itemscope\" itemtype=\"https:\/\/schema.org\/ImageObject\"  ><div class='avia-image-container-inner'><a href='https:\/\/www.pure-ocean.org\/nos-projets\/' class='avia_image'   target=\"_blank\" ><img class='avia_image ' src='https:\/\/www.pure-ocean.org\/wp-content\/uploads\/2017\/09\/pictoDEF-01-300x289.png' alt='' title='Mission 1'  itemprop=\"thumbnailUrl\"  \/><\/a><\/div><\/div><\/div><\/p>\n<div class=\"flex_column av_two_third  flex_column_div av-zero-column-padding first  \" style='border-radius:0px; '><section class=\"av_textblock_section \"  itemscope=\"itemscope\" itemtype=\"https:\/\/schema.org\/CreativeWork\" ><div class='avia_textblock  '   itemprop=\"text\" ><h3><em>Participatory science is an excellent way of involving the general public in data acquisition, while at the same time raising environmental awareness.  <\/em><\/h3>\n<\/div><\/section><br \/>\n<div style='height:30px' class='hr hr-invisible  '><span class='hr-inner ' ><span class='hr-inner-style'><\/span><\/span><\/div><br \/>\n<section class=\"av_textblock_section \"  itemscope=\"itemscope\" itemtype=\"https:\/\/schema.org\/CreativeWork\" ><div class='avia_textblock  '   itemprop=\"text\" ><p><strong><em>&#8220;POLARIS, Platform for Coastal Observation Applied to Research, Information and Awareness-raising&#8221;.<\/em> <\/strong><\/p>\n<p>This collaborative platform, created by Septentrion Environnement, an association based in Marseilles, combines participatory science and marine ecology research. The platform offers methods and tools adapted to the different players in the Aix Marseille Provence metropolis. A long-term action program, POLARIS collects field data to help implement management measures to protect Mediterranean ecosystems.<br \/>\nPOLARIS is providing technical and educational support for the creation of a sea and coastal observatory for the Marseille metropolitan area.<\/p>\n<p>This project is developing a new digital tool so that as many amateur divers as possible can collect data that will be analyzed by scientific research institutes in relation to the issue of climate change. This application will enable them to record their observations and transfer data to scientists, thus contributing to the collective management of the local marine ecosystem. The mobile application facilitates data collection and brings together scientists, researchers, marine park managers and citizens to protect biodiversity in the Mediterranean Sea.<\/p>\n<\/div><\/section><\/p><\/div>\n<div class=\"flex_column av_one_third  flex_column_div av-zero-column-padding   \" style='border-radius:0px; '><p><div style='padding-bottom:10px;' class='av-special-heading av-special-heading-h3     '><h3 class='av-special-heading-tag '  itemprop=\"headline\"  >PROJECT OBJECTIVE<\/h3><div class='special-heading-border'><div class='special-heading-inner-border' ><\/div><\/div><\/div><br \/>\n<section class=\"av_textblock_section \"  itemscope=\"itemscope\" itemtype=\"https:\/\/schema.org\/CreativeWork\" ><div class='avia_textblock  '   itemprop=\"text\" ><p><span style=\"font-weight: 400;\">Develop a mobile application for amateur divers to facilitate data collection on marine biodiversity and involve citizens in the protection of Mediterranean marine ecosystems.<\/span><\/p>\n<\/div><\/section><br \/>\n<div style='height:30px' class='hr hr-invisible  '><span class='hr-inner ' ><span class='hr-inner-style'><\/span><\/span><\/div><br \/>\n<div  class='avia-video avia-video-16-9   '  itemprop=\"video\" itemtype=\"https:\/\/schema.org\/VideoObject\" ><div class='avia-iframe-wrap'><iframe width=\"1500\" height=\"844\" src=\"https:\/\/www.youtube.com\/embed\/Tkd1cqDlY1Y?feature=oembed\" frameborder=\"0\" allow=\"accelerometer; autoplay; encrypted-media; gyroscope; picture-in-picture\" allowfullscreen><\/iframe><\/div><\/div><br \/>\n<div style='height:30px' class='hr hr-invisible  '><span class='hr-inner ' ><span class='hr-inner-style'><\/span><\/span><\/div><br \/>\n<div  class='avia-video avia-video-16-9   '  itemprop=\"video\" itemtype=\"https:\/\/schema.org\/VideoObject\" ><div class='avia-iframe-wrap'><iframe width=\"1500\" height=\"844\" src=\"https:\/\/www.youtube.com\/embed\/R_dhU7TrtoI?feature=oembed\" frameborder=\"0\" allow=\"accelerometer; autoplay; encrypted-media; gyroscope; picture-in-picture\" allowfullscreen><\/iframe><\/div><\/div><\/p><\/div>\n<div class=\"flex_column av_one_fourth  flex_column_div av-zero-column-padding first  \" style='border-radius:0px; '><p><div style='padding-bottom:10px;' class='av-special-heading av-special-heading-h3     '><h3 class='av-special-heading-tag '  itemprop=\"headline\"  >Location<\/h3><div class='special-heading-border'><div class='special-heading-inner-border' ><\/div><\/div><\/div><br \/>\n<section class=\"av_textblock_section \"  itemscope=\"itemscope\" itemtype=\"https:\/\/schema.org\/CreativeWork\" ><div class='avia_textblock  '   itemprop=\"text\" ><p><span style=\"font-weight: 400;\">Marseille, France (Mediterranean Sea)<\/span><\/p>\n<\/div><\/section><\/p><\/div>\n<div class=\"flex_column av_one_fourth  flex_column_div av-zero-column-padding   \" style='border-radius:0px; '><p><div style='padding-bottom:10px;' class='av-special-heading av-special-heading-h3     '><h3 class='av-special-heading-tag '  itemprop=\"headline\"  >Project sponsor<\/h3><div class='special-heading-border'><div class='special-heading-inner-border' ><\/div><\/div><\/div><br \/>\n<section class=\"av_textblock_section \"  itemscope=\"itemscope\" itemtype=\"https:\/\/schema.org\/CreativeWork\" ><div class='avia_textblock  '   itemprop=\"text\" ><p><span style=\"font-weight: 400;\">Laura Barth, Septentrion Environnement<\/span><\/p>\n<\/div><\/section><\/p><\/div>\n<div class=\"flex_column av_one_fourth  flex_column_div av-zero-column-padding   \" style='border-radius:0px; '><p><div style='padding-bottom:10px;' class='av-special-heading av-special-heading-h3     '><h3 class='av-special-heading-tag '  itemprop=\"headline\"  >Institutional partners<\/h3><div class='special-heading-border'><div class='special-heading-inner-border' ><\/div><\/div><\/div><br \/>\n<section class=\"av_textblock_section \"  itemscope=\"itemscope\" itemtype=\"https:\/\/schema.org\/CreativeWork\" ><div class='avia_textblock  '   itemprop=\"text\" ><p><span style=\"font-weight: 400;\">Agence de l&#8217;eau, R\u00e9gion Sud, D\u00e9partement Bouches-du-Rh\u00f4ne, M\u00e9tropole Aix-Marseille Provence, Ville de Marseille<\/span><\/p>\n<\/div><\/section><\/p><\/div>\n<div class=\"flex_column av_one_fourth  flex_column_div av-zero-column-padding   \" style='border-radius:0px; '><p><div style='padding-bottom:10px;' class='av-special-heading av-special-heading-h3     '><h3 class='av-special-heading-tag '  itemprop=\"headline\"  >Scientific and technical partners<\/h3><div class='special-heading-border'><div class='special-heading-inner-border' ><\/div><\/div><\/div><br \/>\n<section class=\"av_textblock_section \"  itemscope=\"itemscope\" itemtype=\"https:\/\/schema.org\/CreativeWork\" ><div class='avia_textblock  '   itemprop=\"text\" ><p><span style=\"font-weight: 400;\">IMBE, <\/span><span style=\"font-weight: 400;\">Consejo Superior de Investigaciones Cientificas, MIO (Mediterranean Institute of Oceanography), GEM, <\/span><span style=\"font-weight: 400;\">Mus\u00e9um national d&#8217;histoire naturelle<\/span><span style=\"font-weight: 400;\">Plan\u00e8te Mer, FSGT, P\u00f4le Mer M\u00e9diterran\u00e9e<\/span><\/p>\n<\/div><\/section><\/p><\/div>\n","protected":false},"excerpt":{"rendered":"","protected":false},"author":1,"featured_media":0,"parent":28405,"menu_order":1,"comment_status":"closed","ping_status":"closed","template":"","meta":{"_uf_show_specific_survey":0,"_uf_disable_surveys":false,"footnotes":""},"class_list":["post-2135","page","type-page","status-publish","hentry"],"yoast_head":"<!-- This site is optimized with the Yoast SEO plugin v27.4 - https:\/\/yoast.com\/product\/yoast-seo-wordpress\/ -->\n<title>POLARIS - Pure Ocean<\/title>\n<meta name=\"robots\" content=\"index, follow, max-snippet:-1, max-image-preview:large, max-video-preview:-1\" \/>\n<link rel=\"canonical\" href=\"https:\/\/www.pure-ocean.org\/en\/our-scientific-projects\/polaris\/\" \/>\n<meta property=\"og:locale\" content=\"en_US\" \/>\n<meta property=\"og:type\" content=\"article\" \/>\n<meta property=\"og:title\" content=\"POLARIS - Pure Ocean\" \/>\n<meta property=\"og:url\" content=\"https:\/\/www.pure-ocean.org\/en\/our-scientific-projects\/polaris\/\" \/>\n<meta property=\"og:site_name\" content=\"Pure Ocean\" \/>\n<meta property=\"article:publisher\" content=\"https:\/\/www.facebook.com\/PureOceanFund\/\" \/>\n<meta property=\"article:modified_time\" content=\"2023-07-31T16:27:17+00:00\" \/>\n<meta name=\"twitter:card\" content=\"summary_large_image\" \/>\n<meta name=\"twitter:site\" content=\"@PureOceanFund\" \/>\n<meta name=\"twitter:label1\" content=\"Est. reading time\" \/>\n\t<meta name=\"twitter:data1\" content=\"8 minutes\" \/>\n<script type=\"application\/ld+json\" class=\"yoast-schema-graph\">{\"@context\":\"https:\\\/\\\/schema.org\",\"@graph\":[{\"@type\":\"WebPage\",\"@id\":\"https:\\\/\\\/www.pure-ocean.org\\\/en\\\/our-scientific-projects\\\/polaris\\\/\",\"url\":\"https:\\\/\\\/www.pure-ocean.org\\\/en\\\/our-scientific-projects\\\/polaris\\\/\",\"name\":\"POLARIS - Pure Ocean\",\"isPartOf\":{\"@id\":\"https:\\\/\\\/www.pure-ocean.org\\\/#website\"},\"datePublished\":\"2019-08-13T14:14:28+00:00\",\"dateModified\":\"2023-07-31T16:27:17+00:00\",\"breadcrumb\":{\"@id\":\"https:\\\/\\\/www.pure-ocean.org\\\/en\\\/our-scientific-projects\\\/polaris\\\/#breadcrumb\"},\"inLanguage\":\"en-US\",\"potentialAction\":[{\"@type\":\"ReadAction\",\"target\":[\"https:\\\/\\\/www.pure-ocean.org\\\/en\\\/our-scientific-projects\\\/polaris\\\/\"]}]},{\"@type\":\"BreadcrumbList\",\"@id\":\"https:\\\/\\\/www.pure-ocean.org\\\/en\\\/our-scientific-projects\\\/polaris\\\/#breadcrumb\",\"itemListElement\":[{\"@type\":\"ListItem\",\"position\":1,\"name\":\"Accueil\",\"item\":\"https:\\\/\\\/www.pure-ocean.org\\\/en\\\/home\\\/\"},{\"@type\":\"ListItem\",\"position\":2,\"name\":\"Our projects\",\"item\":\"https:\\\/\\\/www.pure-ocean.org\\\/en\\\/our-scientific-projects\\\/\"},{\"@type\":\"ListItem\",\"position\":3,\"name\":\"POLARIS\"}]},{\"@type\":\"WebSite\",\"@id\":\"https:\\\/\\\/www.pure-ocean.org\\\/#website\",\"url\":\"https:\\\/\\\/www.pure-ocean.org\\\/\",\"name\":\"Pure Ocean\",\"description\":\"L&#039;innovation au service de l&#039;oc\u00e9an\",\"publisher\":{\"@id\":\"https:\\\/\\\/www.pure-ocean.org\\\/#organization\"},\"potentialAction\":[{\"@type\":\"SearchAction\",\"target\":{\"@type\":\"EntryPoint\",\"urlTemplate\":\"https:\\\/\\\/www.pure-ocean.org\\\/?s={search_term_string}\"},\"query-input\":{\"@type\":\"PropertyValueSpecification\",\"valueRequired\":true,\"valueName\":\"search_term_string\"}}],\"inLanguage\":\"en-US\"},{\"@type\":\"Organization\",\"@id\":\"https:\\\/\\\/www.pure-ocean.org\\\/#organization\",\"name\":\"Pure Ocean\",\"url\":\"https:\\\/\\\/www.pure-ocean.org\\\/\",\"logo\":{\"@type\":\"ImageObject\",\"inLanguage\":\"en-US\",\"@id\":\"https:\\\/\\\/www.pure-ocean.org\\\/#\\\/schema\\\/logo\\\/image\\\/\",\"url\":\"https:\\\/\\\/www.pure-ocean.org\\\/wp-content\\\/uploads\\\/2022\\\/01\\\/LOGO-FINAL-carre-03.png\",\"contentUrl\":\"https:\\\/\\\/www.pure-ocean.org\\\/wp-content\\\/uploads\\\/2022\\\/01\\\/LOGO-FINAL-carre-03.png\",\"width\":472,\"height\":472,\"caption\":\"Pure Ocean\"},\"image\":{\"@id\":\"https:\\\/\\\/www.pure-ocean.org\\\/#\\\/schema\\\/logo\\\/image\\\/\"},\"sameAs\":[\"https:\\\/\\\/www.facebook.com\\\/PureOceanFund\\\/\",\"https:\\\/\\\/x.com\\\/PureOceanFund\",\"https:\\\/\\\/www.linkedin.com\\\/company\\\/27024658\\\/admin\\\/\",\"https:\\\/\\\/www.instagram.com\\\/pureoceanfund\\\/\"]}]}<\/script>\n<!-- \/ Yoast SEO plugin. -->","yoast_head_json":{"title":"POLARIS - Pure Ocean","robots":{"index":"index","follow":"follow","max-snippet":"max-snippet:-1","max-image-preview":"max-image-preview:large","max-video-preview":"max-video-preview:-1"},"canonical":"https:\/\/www.pure-ocean.org\/en\/our-scientific-projects\/polaris\/","og_locale":"en_US","og_type":"article","og_title":"POLARIS - Pure Ocean","og_url":"https:\/\/www.pure-ocean.org\/en\/our-scientific-projects\/polaris\/","og_site_name":"Pure Ocean","article_publisher":"https:\/\/www.facebook.com\/PureOceanFund\/","article_modified_time":"2023-07-31T16:27:17+00:00","twitter_card":"summary_large_image","twitter_site":"@PureOceanFund","twitter_misc":{"Est. reading time":"8 minutes"},"schema":{"@context":"https:\/\/schema.org","@graph":[{"@type":"WebPage","@id":"https:\/\/www.pure-ocean.org\/en\/our-scientific-projects\/polaris\/","url":"https:\/\/www.pure-ocean.org\/en\/our-scientific-projects\/polaris\/","name":"POLARIS - Pure Ocean","isPartOf":{"@id":"https:\/\/www.pure-ocean.org\/#website"},"datePublished":"2019-08-13T14:14:28+00:00","dateModified":"2023-07-31T16:27:17+00:00","breadcrumb":{"@id":"https:\/\/www.pure-ocean.org\/en\/our-scientific-projects\/polaris\/#breadcrumb"},"inLanguage":"en-US","potentialAction":[{"@type":"ReadAction","target":["https:\/\/www.pure-ocean.org\/en\/our-scientific-projects\/polaris\/"]}]},{"@type":"BreadcrumbList","@id":"https:\/\/www.pure-ocean.org\/en\/our-scientific-projects\/polaris\/#breadcrumb","itemListElement":[{"@type":"ListItem","position":1,"name":"Accueil","item":"https:\/\/www.pure-ocean.org\/en\/home\/"},{"@type":"ListItem","position":2,"name":"Our projects","item":"https:\/\/www.pure-ocean.org\/en\/our-scientific-projects\/"},{"@type":"ListItem","position":3,"name":"POLARIS"}]},{"@type":"WebSite","@id":"https:\/\/www.pure-ocean.org\/#website","url":"https:\/\/www.pure-ocean.org\/","name":"Pure Ocean","description":"L&#039;innovation au service de l&#039;oc\u00e9an","publisher":{"@id":"https:\/\/www.pure-ocean.org\/#organization"},"potentialAction":[{"@type":"SearchAction","target":{"@type":"EntryPoint","urlTemplate":"https:\/\/www.pure-ocean.org\/?s={search_term_string}"},"query-input":{"@type":"PropertyValueSpecification","valueRequired":true,"valueName":"search_term_string"}}],"inLanguage":"en-US"},{"@type":"Organization","@id":"https:\/\/www.pure-ocean.org\/#organization","name":"Pure Ocean","url":"https:\/\/www.pure-ocean.org\/","logo":{"@type":"ImageObject","inLanguage":"en-US","@id":"https:\/\/www.pure-ocean.org\/#\/schema\/logo\/image\/","url":"https:\/\/www.pure-ocean.org\/wp-content\/uploads\/2022\/01\/LOGO-FINAL-carre-03.png","contentUrl":"https:\/\/www.pure-ocean.org\/wp-content\/uploads\/2022\/01\/LOGO-FINAL-carre-03.png","width":472,"height":472,"caption":"Pure Ocean"},"image":{"@id":"https:\/\/www.pure-ocean.org\/#\/schema\/logo\/image\/"},"sameAs":["https:\/\/www.facebook.com\/PureOceanFund\/","https:\/\/x.com\/PureOceanFund","https:\/\/www.linkedin.com\/company\/27024658\/admin\/","https:\/\/www.instagram.com\/pureoceanfund\/"]}]}},"_links":{"self":[{"href":"https:\/\/www.pure-ocean.org\/en\/wp-json\/wp\/v2\/pages\/2135","targetHints":{"allow":["GET"]}}],"collection":[{"href":"https:\/\/www.pure-ocean.org\/en\/wp-json\/wp\/v2\/pages"}],"about":[{"href":"https:\/\/www.pure-ocean.org\/en\/wp-json\/wp\/v2\/types\/page"}],"author":[{"embeddable":true,"href":"https:\/\/www.pure-ocean.org\/en\/wp-json\/wp\/v2\/users\/1"}],"replies":[{"embeddable":true,"href":"https:\/\/www.pure-ocean.org\/en\/wp-json\/wp\/v2\/comments?post=2135"}],"version-history":[{"count":15,"href":"https:\/\/www.pure-ocean.org\/en\/wp-json\/wp\/v2\/pages\/2135\/revisions"}],"predecessor-version":[{"id":19100,"href":"https:\/\/www.pure-ocean.org\/en\/wp-json\/wp\/v2\/pages\/2135\/revisions\/19100"}],"up":[{"embeddable":true,"href":"https:\/\/www.pure-ocean.org\/en\/wp-json\/wp\/v2\/pages\/28405"}],"wp:attachment":[{"href":"https:\/\/www.pure-ocean.org\/en\/wp-json\/wp\/v2\/media?parent=2135"}],"curies":[{"name":"wp","href":"https:\/\/api.w.org\/{rel}","templated":true}]}}