{"id":19209,"date":"2023-07-31T18:30:02","date_gmt":"2023-07-31T16:30:02","guid":{"rendered":"https:\/\/www.pure-ocean.org\/pure-ocean-stories\/"},"modified":"2023-07-31T18:30:06","modified_gmt":"2023-07-31T16:30:06","slug":"pure-ocean-stories","status":"publish","type":"page","link":"https:\/\/www.pure-ocean.org\/en\/pure-ocean-stories\/","title":{"rendered":"Pure Ocean Stories"},"content":{"rendered":"<div class=\"flex_column av_one_fifth  flex_column_div av-zero-column-padding first  \" style='border-radius:0px; '><\/div>\n<div class=\"flex_column av_three_fifth  flex_column_div av-zero-column-padding   \" style='border-radius:0px; '><section class=\"av_textblock_section \"  itemscope=\"itemscope\" itemtype=\"https:\/\/schema.org\/CreativeWork\" ><div class='avia_textblock  '   itemprop=\"text\" ><h1 style=\"text-align: center;\">Pure Ocean Stories<\/h1>\n<\/div><\/section><br \/>\n<section class=\"av_textblock_section \"  itemscope=\"itemscope\" itemtype=\"https:\/\/schema.org\/CreativeWork\" ><div class='avia_textblock  '   itemprop=\"text\" ><p style=\"text-align: center;\">Pure Ocean also raises awareness of ocean preservation through the publication of &#8220;Pure Ocean Stories&#8221;.<\/p>\n<p style=\"text-align: center;\">Pure Ocean Stories is a series of videos in which we learn a little more about the sometimes little-known marine ecosystems that play a major role in climate regulation and planetary balance.<\/p>\n<p style=\"text-align: center;\">These one-minute videos are broadcast on all Pure Ocean social networks to reach as many people as possible.<\/p>\n<p style=\"text-align: center;\">Discover the extraordinary powers of the ocean.<\/p>\n<p style=\"text-align: center;\">\n<\/div><\/section><\/p><\/div>\n<div class=\"flex_column av_one_fifth  flex_column_div av-zero-column-padding   \" style='border-radius:0px; '><\/div>\n<div class=\"flex_column av_one_half  flex_column_div av-zero-column-padding first  \" style='border-radius:0px; '><div  class='avia-video avia-video-4-3   '  itemprop=\"video\" itemtype=\"https:\/\/schema.org\/VideoObject\" ><div class='avia-iframe-wrap'><iframe title=\"PURE OCEAN STORIES  tortues\" width=\"1333\" height=\"1000\" src=\"https:\/\/www.youtube.com\/embed\/yvV3zfkr28E?list=PL-ZWeiKU22wCbEwOMbBde5n45p0irTzIh\" frameborder=\"0\" allow=\"accelerometer; autoplay; clipboard-write; encrypted-media; gyroscope; picture-in-picture; web-share\" allowfullscreen><\/iframe><\/div><\/div><\/div><div class=\"flex_column av_one_half  flex_column_div av-zero-column-padding   \" style='border-radius:0px; '><div  class='avia-video avia-video-4-3   '  itemprop=\"video\" itemtype=\"https:\/\/schema.org\/VideoObject\" ><div class='avia-iframe-wrap'><iframe title=\"Plongez dans l&#039;univers du seigneur des profondeur : le requin [Pure Ocean Stories]\" width=\"1333\" height=\"1000\" src=\"https:\/\/www.youtube.com\/embed\/UqDDA_x6wmM?list=PL-ZWeiKU22wCbEwOMbBde5n45p0irTzIh\" frameborder=\"0\" allow=\"accelerometer; autoplay; clipboard-write; encrypted-media; gyroscope; picture-in-picture; web-share\" allowfullscreen><\/iframe><\/div><\/div><\/div><\/p>\n<div class=\"flex_column av_one_half  flex_column_div av-zero-column-padding first  \" style='border-radius:0px; '><div  class='avia-video avia-video-4-3   '  itemprop=\"video\" itemtype=\"https:\/\/schema.org\/VideoObject\" ><div class='avia-iframe-wrap'><iframe title=\"Les r\u00e9cifs corallig\u00e8nes : le tr\u00e9sor inconnu de la M\u00e9diterran\u00e9e [Pure Ocean Stories]\" width=\"1333\" height=\"1000\" src=\"https:\/\/www.youtube.com\/embed\/0H73sKDVA1k?list=PL-ZWeiKU22wCbEwOMbBde5n45p0irTzIh\" frameborder=\"0\" allow=\"accelerometer; autoplay; clipboard-write; encrypted-media; gyroscope; picture-in-picture; web-share\" allowfullscreen><\/iframe><\/div><\/div><\/div>\n<div class=\"flex_column av_one_half  flex_column_div av-zero-column-padding   \" style='border-radius:0px; '><div  class='avia-video avia-video-4-3   '  itemprop=\"video\" itemtype=\"https:\/\/schema.org\/VideoObject\" ><div class='avia-iframe-wrap'><iframe title=\"\ud83e\udeb8 Les r\u00e9cifs coralliens [Pure Ocean Stories]\" width=\"563\" height=\"1000\" src=\"https:\/\/www.youtube.com\/embed\/0rBq71DDr7E?feature=oembed\" frameborder=\"0\" allow=\"accelerometer; autoplay; clipboard-write; encrypted-media; gyroscope; picture-in-picture; web-share\" referrerpolicy=\"strict-origin-when-cross-origin\" allowfullscreen><\/iframe><\/div><\/div><\/div>\n<div class=\"flex_column av_one_half  flex_column_div av-zero-column-padding first  \" style='border-radius:0px; '><div  class='avia-video avia-video-4-3   '  itemprop=\"video\" itemtype=\"https:\/\/schema.org\/VideoObject\" ><div class='avia-iframe-wrap'><iframe title=\"\ud83c\udfdd Les super-pouvoirs des mangroves [Pure Ocean Stories]\" width=\"1333\" height=\"1000\" src=\"https:\/\/www.youtube.com\/embed\/sVHp8vXInO0?feature=oembed\" frameborder=\"0\" allow=\"accelerometer; autoplay; clipboard-write; encrypted-media; gyroscope; picture-in-picture; web-share\" referrerpolicy=\"strict-origin-when-cross-origin\" allowfullscreen><\/iframe><\/div><\/div><\/div>\n<div class=\"flex_column av_one_half  flex_column_div av-zero-column-padding   \" style='border-radius:0px; '><div  class='avia-video avia-video-4-3   '  itemprop=\"video\" itemtype=\"https:\/\/schema.org\/VideoObject\" ><div class='avia-iframe-wrap'><iframe title=\"\ud83c\udf3f Les herbiers marins, ces habitats-cl\u00e9s [Pure Ocean Stories]\" width=\"1333\" height=\"1000\" src=\"https:\/\/www.youtube.com\/embed\/s8YShgpptwQ?feature=oembed\" frameborder=\"0\" allow=\"accelerometer; autoplay; clipboard-write; encrypted-media; gyroscope; picture-in-picture; web-share\" referrerpolicy=\"strict-origin-when-cross-origin\" allowfullscreen><\/iframe><\/div><\/div><\/div>\n<div class=\"flex_column av_one_half  flex_column_div av-zero-column-padding first  \" style='border-radius:0px; '><div  class='avia-video avia-video-4-3   '  itemprop=\"video\" itemtype=\"https:\/\/schema.org\/VideoObject\" ><div class='avia-iframe-wrap'><iframe title=\"\ud83d\udc27 5 faits incroyables sur les manchots ! [Pure Ocean Stories]\" width=\"1333\" height=\"1000\" src=\"https:\/\/www.youtube.com\/embed\/X63UhaODyxI?feature=oembed\" frameborder=\"0\" allow=\"accelerometer; autoplay; clipboard-write; encrypted-media; gyroscope; picture-in-picture; web-share\" referrerpolicy=\"strict-origin-when-cross-origin\" allowfullscreen><\/iframe><\/div><\/div><\/div>\n<div  class='hr hr-default  '><span class='hr-inner ' ><span class='hr-inner-style'><\/span><\/span><\/div>\n<div class='av-social-sharing-box  '><div class='av-share-box'><h5 class='av-share-link-description'>Share this article<\/h5><ul class='av-share-box-list noLightbox'><li class='av-share-link av-social-link-facebook' ><a target='_blank' href='http:\/\/www.facebook.com\/sharer.php?u=https:\/\/www.pure-ocean.org\/en\/pure-ocean-stories\/&amp;t=Pure%20Ocean%20Stories' aria-hidden='true' data-av_icon='\ue8f3' data-av_iconfont='entypo-fontello' title='' data-avia-related-tooltip='Share on Facebook'><span class='avia_hidden_link_text'>Share on Facebook<\/span><\/a><\/li><li class='av-share-link av-social-link-twitter' ><a target='_blank' href='https:\/\/twitter.com\/share?text=Pure%20Ocean%20Stories&url=https:\/\/www.pure-ocean.org\/en\/?p=19209' aria-hidden='true' data-av_icon='\ue8f1' data-av_iconfont='entypo-fontello' title='' data-avia-related-tooltip='Share on Twitter'><span class='avia_hidden_link_text'>Share on Twitter<\/span><\/a><\/li><li class='av-share-link av-social-link-gplus' ><a target='_blank' href='https:\/\/plus.google.com\/share?url=https:\/\/www.pure-ocean.org\/en\/pure-ocean-stories\/' aria-hidden='true' data-av_icon='\ue8f6' data-av_iconfont='entypo-fontello' title='' data-avia-related-tooltip='Share on Google+'><span class='avia_hidden_link_text'>Share on Google+<\/span><\/a><\/li><li class='av-share-link av-social-link-pinterest' ><a target='_blank' href='http:\/\/pinterest.com\/pin\/create\/button\/?url=https%3A%2F%2Fwww.pure-ocean.org%2Fen%2Fpure-ocean-stories%2F&amp;description=Pure%20Ocean%20Stories&amp;media=' aria-hidden='true' data-av_icon='\ue8f8' data-av_iconfont='entypo-fontello' title='' data-avia-related-tooltip='Share on Pinterest'><span class='avia_hidden_link_text'>Share on Pinterest<\/span><\/a><\/li><li class='av-share-link av-social-link-linkedin' ><a target='_blank' href='http:\/\/linkedin.com\/shareArticle?mini=true&amp;title=Pure%20Ocean%20Stories&amp;url=https:\/\/www.pure-ocean.org\/en\/pure-ocean-stories\/' aria-hidden='true' data-av_icon='\ue8fc' data-av_iconfont='entypo-fontello' title='' data-avia-related-tooltip='Share on Linkedin'><span class='avia_hidden_link_text'>Share on Linkedin<\/span><\/a><\/li><li class='av-share-link av-social-link-tumblr' ><a target='_blank' href='http:\/\/www.tumblr.com\/share\/link?url=https%3A%2F%2Fwww.pure-ocean.org%2Fen%2Fpure-ocean-stories%2F&amp;name=Pure%20Ocean%20Stories&amp;description=Pure%20Ocean%20Stories%20are%20a%20series%20of%20entertaining%20videos%20in%20which%20we%20learn%20a%20little%20more%20about%20the%20sometimes%20little-known%20marine%20ecosystems%20that%20play%20a%20major%20role%20in%20the%20vitality%20of%20the%20ocean.%0A%0AThese%20one-minute%20videos%20are%20broadcast%20on%20all%20Pure%20Ocean%20social%20networks%2C%20as%20well%20as%20on%20the%20NGO%27s%20website%2C%20to%20reach%20as%20many%20people%20as%20possible.' aria-hidden='true' data-av_icon='\ue8fa' data-av_iconfont='entypo-fontello' title='' data-avia-related-tooltip='Share on Tumblr'><span class='avia_hidden_link_text'>Share on Tumblr<\/span><\/a><\/li><li class='av-share-link av-social-link-vk' ><a target='_blank' href='http:\/\/vk.com\/share.php?url=https:\/\/www.pure-ocean.org\/en\/pure-ocean-stories\/' aria-hidden='true' data-av_icon='\ue926' data-av_iconfont='entypo-fontello' title='' data-avia-related-tooltip='Share on Vk'><span class='avia_hidden_link_text'>Share on Vk<\/span><\/a><\/li><li class='av-share-link av-social-link-reddit' ><a target='_blank' href='http:\/\/reddit.com\/submit?url=https:\/\/www.pure-ocean.org\/en\/pure-ocean-stories\/&amp;title=Pure%20Ocean%20Stories' aria-hidden='true' data-av_icon='\ue927' data-av_iconfont='entypo-fontello' title='' data-avia-related-tooltip='Share on Reddit'><span class='avia_hidden_link_text'>Share on Reddit<\/span><\/a><\/li><li class='av-share-link av-social-link-mail' ><a  href='mailto:?subject=Pure%20Ocean%20Stories&amp;body=https:\/\/www.pure-ocean.org\/en\/pure-ocean-stories\/' aria-hidden='true' data-av_icon='\ue805' data-av_iconfont='entypo-fontello' title='' data-avia-related-tooltip='Share by Mail'><span class='avia_hidden_link_text'>Share by Mail<\/span><\/a><\/li><\/ul><\/div><\/div>\n","protected":false},"excerpt":{"rendered":"<p>Pure Ocean Stories are a series of entertaining videos in which we learn a little more about the sometimes little-known marine ecosystems that play a major role in the vitality of the ocean.<\/p>\n<p>These one-minute videos are broadcast on all Pure Ocean social networks, as well as on the NGO&#8217;s website, to reach as many people as possible.<\/p>\n","protected":false},"author":1,"featured_media":0,"parent":0,"menu_order":0,"comment_status":"closed","ping_status":"closed","template":"","meta":{"_uf_show_specific_survey":0,"_uf_disable_surveys":false,"footnotes":""},"class_list":["post-19209","page","type-page","status-publish","hentry"],"yoast_head":"<!-- This site is optimized with the Yoast SEO plugin v27.3 - https:\/\/yoast.com\/product\/yoast-seo-wordpress\/ -->\n<title>Pure Ocean Stories - Pure Ocean<\/title>\n<meta name=\"robots\" content=\"index, follow, max-snippet:-1, max-image-preview:large, max-video-preview:-1\" \/>\n<link rel=\"canonical\" href=\"https:\/\/www.pure-ocean.org\/en\/?page_id=19209\" \/>\n<meta property=\"og:locale\" content=\"en_US\" \/>\n<meta property=\"og:type\" content=\"article\" \/>\n<meta property=\"og:title\" content=\"Pure Ocean Stories - Pure Ocean\" \/>\n<meta property=\"og:description\" content=\"Pure Ocean Stories are a series of entertaining videos in which we learn a little more about the sometimes little-known marine ecosystems that play a major role in the vitality of the ocean. These one-minute videos are broadcast on all Pure Ocean social networks, as well as on the NGO&#039;s website, to reach as many people as possible.\" \/>\n<meta property=\"og:url\" content=\"https:\/\/www.pure-ocean.org\/en\/?page_id=19209\" \/>\n<meta property=\"og:site_name\" content=\"Pure Ocean\" \/>\n<meta property=\"article:publisher\" content=\"https:\/\/www.facebook.com\/PureOceanFund\/\" \/>\n<meta property=\"article:modified_time\" content=\"2023-07-31T16:30:06+00:00\" \/>\n<meta name=\"twitter:card\" content=\"summary_large_image\" \/>\n<meta name=\"twitter:site\" content=\"@PureOceanFund\" \/>\n<meta name=\"twitter:label1\" content=\"Est. reading time\" \/>\n\t<meta name=\"twitter:data1\" content=\"4 minutes\" \/>\n<script type=\"application\/ld+json\" class=\"yoast-schema-graph\">{\"@context\":\"https:\\\/\\\/schema.org\",\"@graph\":[{\"@type\":\"WebPage\",\"@id\":\"https:\\\/\\\/www.pure-ocean.org\\\/en\\\/?page_id=19209\",\"url\":\"https:\\\/\\\/www.pure-ocean.org\\\/en\\\/?page_id=19209\",\"name\":\"Pure Ocean Stories - Pure Ocean\",\"isPartOf\":{\"@id\":\"https:\\\/\\\/www.pure-ocean.org\\\/#website\"},\"datePublished\":\"2023-07-31T16:30:02+00:00\",\"dateModified\":\"2023-07-31T16:30:06+00:00\",\"breadcrumb\":{\"@id\":\"https:\\\/\\\/www.pure-ocean.org\\\/en\\\/?page_id=19209#breadcrumb\"},\"inLanguage\":\"en-US\",\"potentialAction\":[{\"@type\":\"ReadAction\",\"target\":[\"https:\\\/\\\/www.pure-ocean.org\\\/en\\\/?page_id=19209\"]}]},{\"@type\":\"BreadcrumbList\",\"@id\":\"https:\\\/\\\/www.pure-ocean.org\\\/en\\\/?page_id=19209#breadcrumb\",\"itemListElement\":[{\"@type\":\"ListItem\",\"position\":1,\"name\":\"Accueil\",\"item\":\"https:\\\/\\\/www.pure-ocean.org\\\/en\\\/home\\\/\"},{\"@type\":\"ListItem\",\"position\":2,\"name\":\"Pure Ocean Stories\"}]},{\"@type\":\"WebSite\",\"@id\":\"https:\\\/\\\/www.pure-ocean.org\\\/#website\",\"url\":\"https:\\\/\\\/www.pure-ocean.org\\\/\",\"name\":\"Pure Ocean\",\"description\":\"L&#039;innovation au service de l&#039;oc\u00e9an\",\"publisher\":{\"@id\":\"https:\\\/\\\/www.pure-ocean.org\\\/#organization\"},\"potentialAction\":[{\"@type\":\"SearchAction\",\"target\":{\"@type\":\"EntryPoint\",\"urlTemplate\":\"https:\\\/\\\/www.pure-ocean.org\\\/?s={search_term_string}\"},\"query-input\":{\"@type\":\"PropertyValueSpecification\",\"valueRequired\":true,\"valueName\":\"search_term_string\"}}],\"inLanguage\":\"en-US\"},{\"@type\":\"Organization\",\"@id\":\"https:\\\/\\\/www.pure-ocean.org\\\/#organization\",\"name\":\"Pure Ocean\",\"url\":\"https:\\\/\\\/www.pure-ocean.org\\\/\",\"logo\":{\"@type\":\"ImageObject\",\"inLanguage\":\"en-US\",\"@id\":\"https:\\\/\\\/www.pure-ocean.org\\\/#\\\/schema\\\/logo\\\/image\\\/\",\"url\":\"https:\\\/\\\/www.pure-ocean.org\\\/wp-content\\\/uploads\\\/2022\\\/01\\\/LOGO-FINAL-carre-03.png\",\"contentUrl\":\"https:\\\/\\\/www.pure-ocean.org\\\/wp-content\\\/uploads\\\/2022\\\/01\\\/LOGO-FINAL-carre-03.png\",\"width\":472,\"height\":472,\"caption\":\"Pure Ocean\"},\"image\":{\"@id\":\"https:\\\/\\\/www.pure-ocean.org\\\/#\\\/schema\\\/logo\\\/image\\\/\"},\"sameAs\":[\"https:\\\/\\\/www.facebook.com\\\/PureOceanFund\\\/\",\"https:\\\/\\\/x.com\\\/PureOceanFund\",\"https:\\\/\\\/www.linkedin.com\\\/company\\\/27024658\\\/admin\\\/\",\"https:\\\/\\\/www.instagram.com\\\/pureoceanfund\\\/\"]}]}<\/script>\n<!-- \/ Yoast SEO plugin. -->","yoast_head_json":{"title":"Pure Ocean Stories - Pure Ocean","robots":{"index":"index","follow":"follow","max-snippet":"max-snippet:-1","max-image-preview":"max-image-preview:large","max-video-preview":"max-video-preview:-1"},"canonical":"https:\/\/www.pure-ocean.org\/en\/?page_id=19209","og_locale":"en_US","og_type":"article","og_title":"Pure Ocean Stories - Pure Ocean","og_description":"Pure Ocean Stories are a series of entertaining videos in which we learn a little more about the sometimes little-known marine ecosystems that play a major role in the vitality of the ocean. These one-minute videos are broadcast on all Pure Ocean social networks, as well as on the NGO's website, to reach as many people as possible.","og_url":"https:\/\/www.pure-ocean.org\/en\/?page_id=19209","og_site_name":"Pure Ocean","article_publisher":"https:\/\/www.facebook.com\/PureOceanFund\/","article_modified_time":"2023-07-31T16:30:06+00:00","twitter_card":"summary_large_image","twitter_site":"@PureOceanFund","twitter_misc":{"Est. reading time":"4 minutes"},"schema":{"@context":"https:\/\/schema.org","@graph":[{"@type":"WebPage","@id":"https:\/\/www.pure-ocean.org\/en\/?page_id=19209","url":"https:\/\/www.pure-ocean.org\/en\/?page_id=19209","name":"Pure Ocean Stories - Pure Ocean","isPartOf":{"@id":"https:\/\/www.pure-ocean.org\/#website"},"datePublished":"2023-07-31T16:30:02+00:00","dateModified":"2023-07-31T16:30:06+00:00","breadcrumb":{"@id":"https:\/\/www.pure-ocean.org\/en\/?page_id=19209#breadcrumb"},"inLanguage":"en-US","potentialAction":[{"@type":"ReadAction","target":["https:\/\/www.pure-ocean.org\/en\/?page_id=19209"]}]},{"@type":"BreadcrumbList","@id":"https:\/\/www.pure-ocean.org\/en\/?page_id=19209#breadcrumb","itemListElement":[{"@type":"ListItem","position":1,"name":"Accueil","item":"https:\/\/www.pure-ocean.org\/en\/home\/"},{"@type":"ListItem","position":2,"name":"Pure Ocean Stories"}]},{"@type":"WebSite","@id":"https:\/\/www.pure-ocean.org\/#website","url":"https:\/\/www.pure-ocean.org\/","name":"Pure Ocean","description":"L&#039;innovation au service de l&#039;oc\u00e9an","publisher":{"@id":"https:\/\/www.pure-ocean.org\/#organization"},"potentialAction":[{"@type":"SearchAction","target":{"@type":"EntryPoint","urlTemplate":"https:\/\/www.pure-ocean.org\/?s={search_term_string}"},"query-input":{"@type":"PropertyValueSpecification","valueRequired":true,"valueName":"search_term_string"}}],"inLanguage":"en-US"},{"@type":"Organization","@id":"https:\/\/www.pure-ocean.org\/#organization","name":"Pure Ocean","url":"https:\/\/www.pure-ocean.org\/","logo":{"@type":"ImageObject","inLanguage":"en-US","@id":"https:\/\/www.pure-ocean.org\/#\/schema\/logo\/image\/","url":"https:\/\/www.pure-ocean.org\/wp-content\/uploads\/2022\/01\/LOGO-FINAL-carre-03.png","contentUrl":"https:\/\/www.pure-ocean.org\/wp-content\/uploads\/2022\/01\/LOGO-FINAL-carre-03.png","width":472,"height":472,"caption":"Pure Ocean"},"image":{"@id":"https:\/\/www.pure-ocean.org\/#\/schema\/logo\/image\/"},"sameAs":["https:\/\/www.facebook.com\/PureOceanFund\/","https:\/\/x.com\/PureOceanFund","https:\/\/www.linkedin.com\/company\/27024658\/admin\/","https:\/\/www.instagram.com\/pureoceanfund\/"]}]}},"_links":{"self":[{"href":"https:\/\/www.pure-ocean.org\/en\/wp-json\/wp\/v2\/pages\/19209","targetHints":{"allow":["GET"]}}],"collection":[{"href":"https:\/\/www.pure-ocean.org\/en\/wp-json\/wp\/v2\/pages"}],"about":[{"href":"https:\/\/www.pure-ocean.org\/en\/wp-json\/wp\/v2\/types\/page"}],"author":[{"embeddable":true,"href":"https:\/\/www.pure-ocean.org\/en\/wp-json\/wp\/v2\/users\/1"}],"replies":[{"embeddable":true,"href":"https:\/\/www.pure-ocean.org\/en\/wp-json\/wp\/v2\/comments?post=19209"}],"version-history":[{"count":2,"href":"https:\/\/www.pure-ocean.org\/en\/wp-json\/wp\/v2\/pages\/19209\/revisions"}],"predecessor-version":[{"id":19215,"href":"https:\/\/www.pure-ocean.org\/en\/wp-json\/wp\/v2\/pages\/19209\/revisions\/19215"}],"wp:attachment":[{"href":"https:\/\/www.pure-ocean.org\/en\/wp-json\/wp\/v2\/media?parent=19209"}],"curies":[{"name":"wp","href":"https:\/\/api.w.org\/{rel}","templated":true}]}}