{"id":12049,"date":"2022-06-01T10:03:32","date_gmt":"2022-06-01T08:03:32","guid":{"rendered":"https:\/\/www.pure-ocean.org\/race-for-pure-ocean\/pure-ocean-present-sur-le-vendee-arctique\/"},"modified":"2022-12-21T09:47:56","modified_gmt":"2022-12-21T08:47:56","slug":"pure-ocean-present-sur-le-vendee-arctique","status":"publish","type":"page","link":"https:\/\/www.pure-ocean.org\/en\/race-for-pure-ocean\/pure-ocean-present-sur-le-vendee-arctique\/","title":{"rendered":"Pure Ocean at the Vend\u00e9e Arctique !"},"content":{"rendered":"<div class=\"flex_column av_one_full  flex_column_div av-zero-column-padding first  \" style='border-radius:0px; '><div class='avia-image-container  av-styling-    avia-align-center '  itemscope=\"itemscope\" itemtype=\"https:\/\/schema.org\/ImageObject\"  ><div class='avia-image-container-inner'><img class='avia_image ' src='https:\/\/www.pure-ocean.org\/wp-content\/uploads\/2022\/06\/BANNER-HP-VEBDEEARCTIQUE22-1-1030x321.jpg' alt='' title='BANNER-HP-VEBDEEARCTIQUE22'   itemprop=\"thumbnailUrl\"  \/><\/div><\/div><\/div>\n<div  class='hr hr-default  '><span class='hr-inner ' ><span class='hr-inner-style'><\/span><\/span><\/div>\n<div class=\"flex_column av_one_full  flex_column_div av-zero-column-padding first  \" style='border-radius:0px; '><div style='padding-bottom:10px;' class='av-special-heading av-special-heading-h2  blockquote classic-quote  '><h2 class='av-special-heading-tag '  itemprop=\"headline\"  >PURE OCEAN AT THE VENDEE ARCTIQUE!<\/h2><div class ='av-subheading av-subheading_below  ' style='font-size:15px;'><p>First qualifying race for the Vend\u00e9e Globe 2024<\/p>\n<\/div><div class='special-heading-border'><div class='special-heading-inner-border' ><\/div><\/div><\/div><\/div>\n<div  class='hr hr-default  '><span class='hr-inner ' ><span class='hr-inner-style'><\/span><\/span><\/div>\n<div class=\"flex_column av_three_fifth  flex_column_div av-zero-column-padding first  \" style='border-radius:0px; '><section class=\"av_textblock_section \"  itemscope=\"itemscope\" itemtype=\"https:\/\/schema.org\/CreativeWork\" ><div class='avia_textblock  '   itemprop=\"text\" ><h3><b>The Vend\u00e9e Arctique \u2013 Les Sables d\u2019Olonne<\/b><\/h3>\n<\/div><\/section><br \/>\n<section class=\"av_textblock_section \"  itemscope=\"itemscope\" itemtype=\"https:\/\/schema.org\/CreativeWork\" ><div class='avia_textblock  '   itemprop=\"text\" ><p><span style=\"font-weight: 400;\">The Vend\u00e9e Arctique &#8211; Les Sables d&#8217;Olonne is the first qualifying race for the Vend\u00e9e Globe 2024. It is an offshore race, to be completed in solo, non-stop and without assistance.<\/span><\/p>\n<p><span style=\"font-weight: 400;\">From 12th June, 25 adventurers will set off on this 3500-mile race in the waters of the Far North and live a unique experience of its kind.<\/span><\/p>\n<\/div><\/section><br \/>\n<div class='avia-button-wrap avia-button-center '><a href='https:\/\/www.vendeearctique.org\/' class='avia-button   avia-icon_select-no avia-color-theme-color avia-size-small avia-position-center '  target=\"_blank\"   ><span class='avia_iconbox_title' >More info<\/span><\/a><\/div><br \/>\n<div  class='hr hr-default  '><span class='hr-inner ' ><span class='hr-inner-style'><\/span><\/span><\/div><br \/>\n<section class=\"av_textblock_section \"  itemscope=\"itemscope\" itemtype=\"https:\/\/schema.org\/CreativeWork\" ><div class='avia_textblock  '   itemprop=\"text\" ><h3><b>Pure Ocean at the race village<\/b><\/h3>\n<\/div><\/section><br \/>\n<section class=\"av_textblock_section \"  itemscope=\"itemscope\" itemtype=\"https:\/\/schema.org\/CreativeWork\" ><div class='avia_textblock  '   itemprop=\"text\" ><p><span style=\"font-weight: 400;\">Great news: Pure Ocean has been invited in partnership with the IMOCA Class for the duration of the event to talk about its actions and ocean protection!<\/span><\/p>\n<p><span style=\"font-weight: 400;\">From the 4th to the 26th of June, the Pure Ocean teams will be present on the IMOCA Class stand to raise awareness of ocean protection.<\/span><\/p>\n<p><span style=\"font-weight: 400;\">On the program :<\/span><\/p>\n<p><span style=\"font-weight: 400;\">&#8211; Tombola for the benefit of the Ocean<\/span><\/p>\n<p><span style=\"font-weight: 400;\">&#8211; Conferences for the general public<\/span><\/p>\n<p><span style=\"font-weight: 400;\">The NGO will also be able to have access to all the visibility offered by a race like the Vend\u00e9e Arctique &#8211; Les Sables d&#8217;Olonne.<\/span><\/p>\n<p><span style=\"font-weight: 400;\">Pure Ocean would like to thank the IMOCA, as well as the organisation of the Vend\u00e9e Arctique &#8211; Les Sables d&#8217;Olonne, without whom the presence of Pure Ocean on this event would not have been possible.<\/span><\/p>\n<\/div><\/section><\/p><\/div>\n<div class=\"flex_column av_two_fifth  flex_column_div av-zero-column-padding   \" style='border-radius:0px; '><p><div class='avia-image-container  av-styling-    avia-align-center '  itemscope=\"itemscope\" itemtype=\"https:\/\/schema.org\/ImageObject\"  ><div class='avia-image-container-inner'><img class='avia_image ' src='https:\/\/www.pure-ocean.org\/wp-content\/uploads\/2022\/06\/2020-sailing-12-300x218.jpg' alt='' title='2020 sailing (12)'   itemprop=\"thumbnailUrl\"  \/><\/div><\/div><br \/>\n<div class='avia-image-container  av-styling-    avia-align-center '  itemscope=\"itemscope\" itemtype=\"https:\/\/schema.org\/ImageObject\"  ><div class='avia-image-container-inner'><a href='https:\/\/www.pure-ocean.org\/wp-content\/uploads\/2022\/06\/IMOCA22-GENERIQUE-INSTA.jpg' class='avia_image'   target=\"_blank\" ><img class='avia_image ' src='https:\/\/www.pure-ocean.org\/wp-content\/uploads\/2022\/06\/NUITDELOCEAN-2021-SLIDE33BILAN-1-300x169.jpg' alt='' title='NUITDELOCEAN-2021-SLIDE33BILAN (1)'  itemprop=\"thumbnailUrl\"  \/><\/a><\/div><\/div><br \/>\n<div class='avia-image-container  av-styling-    avia-align-center '  itemscope=\"itemscope\" itemtype=\"https:\/\/schema.org\/ImageObject\"  ><div class='avia-image-container-inner'><a href='https:\/\/www.pure-ocean.org\/wp-content\/uploads\/2022\/06\/IMOCA22-GENERIQUE-INSTA.jpg' class='avia_image'   target=\"_blank\" ><img class='avia_image ' src='https:\/\/www.pure-ocean.org\/wp-content\/uploads\/2022\/06\/NUIT-BIOLUMINESCENCE-300x169.jpg' alt='' title='NUIT-BIOLUMINESCENCE'  itemprop=\"thumbnailUrl\"  \/><\/a><\/div><\/div><\/p><\/div>\n<div  class='hr hr-default  '><span class='hr-inner ' ><span class='hr-inner-style'><\/span><\/span><\/div>\n<div class=\"flex_column av_one_full  flex_column_div av-zero-column-padding first  \" style='border-radius:0px; '><section class=\"av_textblock_section \"  itemscope=\"itemscope\" itemtype=\"https:\/\/schema.org\/CreativeWork\" ><div class='avia_textblock  '   itemprop=\"text\" ><h2 style=\"text-align: center;\"><b>PURE OCEAN AND IMOCA ORGANISE A TOMBOLA DURING THE VEND\u00c9E ARCTIQUE &#8211; LES SABLES D&#8217;OLONNE<\/b><\/h2>\n<\/div><\/section><br \/>\n<div  class='hr hr-default  '><span class='hr-inner ' ><span class='hr-inner-style'><\/span><\/span><\/div><br \/>\n<section class=\"av_textblock_section \"  itemscope=\"itemscope\" itemtype=\"https:\/\/schema.org\/CreativeWork\" ><div class='avia_textblock  '   itemprop=\"text\" ><p style=\"text-align: center;\"><span style=\"font-weight: 400;\">Pure Ocean will welcome you throughout the Vend\u00e9e Arctique &#8211; Les Sables d&#8217;Olonne event on the IMOCA stand.<\/span><\/p>\n<p style=\"text-align: center;\"><span style=\"font-weight: 400;\">In partnership with the IMOCA, Pure Ocean is organising a tombola where everyone can try to win a prize while participating in ocean research at the same time! Indeed, all the profits of this tombola will be donated to the NGO Pure Ocean.<\/span><\/p>\n<p style=\"text-align: center;\"><span style=\"font-weight: 400;\">Discover the poster of the tombola and some of the great prizes to win!<\/span><\/p>\n<\/div><\/section><br \/>\n<div class='avia-image-container  av-styling-    avia-align-center '  itemscope=\"itemscope\" itemtype=\"https:\/\/schema.org\/ImageObject\"  ><div class='avia-image-container-inner'><a href='https:\/\/www.pure-ocean.org\/wp-content\/uploads\/2022\/06\/AFFICHE-TOMBOLA-VA2022-POURSITEPO-1.jpg' class='avia_image'   target=\"_blank\" ><img class='avia_image ' src='https:\/\/www.pure-ocean.org\/wp-content\/uploads\/2022\/06\/AFFICHE-TOMBOLA-VA2022-POURSITEPO-1-729x1030.jpg' alt='' title='AFFICHE-TOMBOLA-VA2022-POURSITEPO (1)'  itemprop=\"thumbnailUrl\"  \/><\/a><\/div><\/div><br \/>\n<div  class='hr hr-default  '><span class='hr-inner ' ><span class='hr-inner-style'><\/span><\/span><\/div><br \/>\n<div  class='hr hr-default  '><span class='hr-inner ' ><span class='hr-inner-style'><\/span><\/span><\/div><br \/>\n<section class=\"avia_codeblock_section  avia_code_block_0\"  itemscope=\"itemscope\" itemtype=\"https:\/\/schema.org\/CreativeWork\" ><div class='avia_codeblock '  itemprop=\"text\" > [avia_codeblock_placeholder uid=\"0\"] <\/div><\/section><\/p><\/div>\n<div  class='hr hr-default  '><span class='hr-inner ' ><span class='hr-inner-style'><\/span><\/span><\/div>\n<div class=\"flex_column av_one_full  flex_column_div av-zero-column-padding first  \" style='border-radius:0px; '><section class=\"av_textblock_section \"  itemscope=\"itemscope\" itemtype=\"https:\/\/schema.org\/CreativeWork\" ><div class='avia_textblock  '   itemprop=\"text\" ><h2 style=\"text-align: center;\">Follow us on social networks !<\/h2>\n<\/div><\/section><br \/>\n<section class=\"av_textblock_section \"  itemscope=\"itemscope\" itemtype=\"https:\/\/schema.org\/CreativeWork\" ><div class='avia_textblock  '   itemprop=\"text\" ><p style=\"text-align: center;\">Don\u2019t miss any Pure Ocean news and support us by following us on our social networks<\/p>\n<\/div><\/section><br \/>\n<div class='av-social-sharing-box  '><div class='av-share-box'><h5 class='av-share-link-description'>Share this article<\/h5><ul class='av-share-box-list noLightbox'><li class='av-share-link av-social-link-facebook' ><a target='_blank' href='http:\/\/www.facebook.com\/sharer.php?u=https:\/\/www.pure-ocean.org\/en\/race-for-pure-ocean\/pure-ocean-present-sur-le-vendee-arctique\/&amp;t=Pure%20Ocean%20at%20the%20Vend%C3%A9e%20Arctique%20%21' aria-hidden='true' data-av_icon='\ue8f3' data-av_iconfont='entypo-fontello' title='' data-avia-related-tooltip='Share on Facebook'><span class='avia_hidden_link_text'>Share on Facebook<\/span><\/a><\/li><li class='av-share-link av-social-link-twitter' ><a target='_blank' href='https:\/\/twitter.com\/share?text=Pure%20Ocean%20at%20the%20Vend%C3%A9e%20Arctique%20%21&url=https:\/\/www.pure-ocean.org\/en\/?p=12049' aria-hidden='true' data-av_icon='\ue8f1' data-av_iconfont='entypo-fontello' title='' data-avia-related-tooltip='Share on Twitter'><span class='avia_hidden_link_text'>Share on Twitter<\/span><\/a><\/li><li class='av-share-link av-social-link-gplus' ><a target='_blank' href='https:\/\/plus.google.com\/share?url=https:\/\/www.pure-ocean.org\/en\/race-for-pure-ocean\/pure-ocean-present-sur-le-vendee-arctique\/' aria-hidden='true' data-av_icon='\ue8f6' data-av_iconfont='entypo-fontello' title='' data-avia-related-tooltip='Share on Google+'><span class='avia_hidden_link_text'>Share on Google+<\/span><\/a><\/li><li class='av-share-link av-social-link-pinterest' ><a target='_blank' href='http:\/\/pinterest.com\/pin\/create\/button\/?url=https%3A%2F%2Fwww.pure-ocean.org%2Fen%2Frace-for-pure-ocean%2Fpure-ocean-present-sur-le-vendee-arctique%2F&amp;description=Pure%20Ocean%20at%20the%20Vend%C3%A9e%20Arctique%20%21&amp;media=https%3A%2F%2Fwww.pure-ocean.org%2Fwp-content%2Fuploads%2F2022%2F06%2FTOMBOLA-VA22-INSTA-705x705.jpg' aria-hidden='true' data-av_icon='\ue8f8' data-av_iconfont='entypo-fontello' title='' data-avia-related-tooltip='Share on Pinterest'><span class='avia_hidden_link_text'>Share on Pinterest<\/span><\/a><\/li><li class='av-share-link av-social-link-linkedin' ><a target='_blank' href='http:\/\/linkedin.com\/shareArticle?mini=true&amp;title=Pure%20Ocean%20at%20the%20Vend%C3%A9e%20Arctique%20%21&amp;url=https:\/\/www.pure-ocean.org\/en\/race-for-pure-ocean\/pure-ocean-present-sur-le-vendee-arctique\/' aria-hidden='true' data-av_icon='\ue8fc' data-av_iconfont='entypo-fontello' title='' data-avia-related-tooltip='Share on Linkedin'><span class='avia_hidden_link_text'>Share on Linkedin<\/span><\/a><\/li><li class='av-share-link av-social-link-tumblr' ><a target='_blank' href='http:\/\/www.tumblr.com\/share\/link?url=https%3A%2F%2Fwww.pure-ocean.org%2Fen%2Frace-for-pure-ocean%2Fpure-ocean-present-sur-le-vendee-arctique%2F&amp;name=Pure%20Ocean%20at%20the%20Vend%C3%A9e%20Arctique%20%21&amp;description=The%20Vend%C3%A9e%20Arctique%20-%20Les%20Sables%20d%27Olonne%20is%20the%20first%20qualifying%20race%20for%20the%20Vend%C3%A9e%20Globe%202024.%20It%20is%20a%20demanding%20ocean%20race%2C%20to%20be%20completed%20single-handed%2C%20non-stop%20and%20without%20assistance...' aria-hidden='true' data-av_icon='\ue8fa' data-av_iconfont='entypo-fontello' title='' data-avia-related-tooltip='Share on Tumblr'><span class='avia_hidden_link_text'>Share on Tumblr<\/span><\/a><\/li><li class='av-share-link av-social-link-vk' ><a target='_blank' href='http:\/\/vk.com\/share.php?url=https:\/\/www.pure-ocean.org\/en\/race-for-pure-ocean\/pure-ocean-present-sur-le-vendee-arctique\/' aria-hidden='true' data-av_icon='\ue926' data-av_iconfont='entypo-fontello' title='' data-avia-related-tooltip='Share on Vk'><span class='avia_hidden_link_text'>Share on Vk<\/span><\/a><\/li><li class='av-share-link av-social-link-reddit' ><a target='_blank' href='http:\/\/reddit.com\/submit?url=https:\/\/www.pure-ocean.org\/en\/race-for-pure-ocean\/pure-ocean-present-sur-le-vendee-arctique\/&amp;title=Pure%20Ocean%20at%20the%20Vend%C3%A9e%20Arctique%20%21' aria-hidden='true' data-av_icon='\ue927' data-av_iconfont='entypo-fontello' title='' data-avia-related-tooltip='Share on Reddit'><span class='avia_hidden_link_text'>Share on Reddit<\/span><\/a><\/li><li class='av-share-link av-social-link-mail' ><a  href='mailto:?subject=Pure%20Ocean%20at%20the%20Vend%C3%A9e%20Arctique%20%21&amp;body=https:\/\/www.pure-ocean.org\/en\/race-for-pure-ocean\/pure-ocean-present-sur-le-vendee-arctique\/' aria-hidden='true' data-av_icon='\ue805' data-av_iconfont='entypo-fontello' title='' data-avia-related-tooltip='Share by Mail'><span class='avia_hidden_link_text'>Share by Mail<\/span><\/a><\/li><\/ul><\/div><\/div><\/p><\/div>\n","protected":false},"excerpt":{"rendered":"<p>The Vend\u00e9e Arctique &#8211; Les Sables d&#8217;Olonne is the first qualifying race for the Vend\u00e9e Globe 2024. It is a demanding ocean race, to be completed single-handed, non-stop and without assistance&#8230;<\/p>\n","protected":false},"author":1,"featured_media":17325,"parent":1314,"menu_order":0,"comment_status":"closed","ping_status":"closed","template":"","meta":{"_uf_show_specific_survey":0,"_uf_disable_surveys":false,"footnotes":""},"class_list":["post-12049","page","type-page","status-publish","has-post-thumbnail","hentry"],"yoast_head":"<!-- This site is optimized with the Yoast SEO plugin v27.3 - https:\/\/yoast.com\/product\/yoast-seo-wordpress\/ -->\n<title>Pure Ocean at the Vend\u00e9e Arctique ! - Pure Ocean<\/title>\n<meta name=\"robots\" content=\"index, follow, max-snippet:-1, max-image-preview:large, max-video-preview:-1\" \/>\n<link rel=\"canonical\" href=\"https:\/\/www.pure-ocean.org\/en\/race-for-pure-ocean\/pure-ocean-present-sur-le-vendee-arctique\/\" \/>\n<meta property=\"og:locale\" content=\"en_US\" \/>\n<meta property=\"og:type\" content=\"article\" \/>\n<meta property=\"og:title\" content=\"Pure Ocean at the Vend\u00e9e Arctique ! - Pure Ocean\" \/>\n<meta property=\"og:description\" content=\"The Vend\u00e9e Arctique - Les Sables d&#039;Olonne is the first qualifying race for the Vend\u00e9e Globe 2024. It is a demanding ocean race, to be completed single-handed, non-stop and without assistance...\" \/>\n<meta property=\"og:url\" content=\"https:\/\/www.pure-ocean.org\/en\/race-for-pure-ocean\/pure-ocean-present-sur-le-vendee-arctique\/\" \/>\n<meta property=\"og:site_name\" content=\"Pure Ocean\" \/>\n<meta property=\"article:publisher\" content=\"https:\/\/www.facebook.com\/PureOceanFund\/\" \/>\n<meta property=\"article:modified_time\" content=\"2022-12-21T08:47:56+00:00\" \/>\n<meta name=\"twitter:card\" content=\"summary_large_image\" \/>\n<meta name=\"twitter:site\" content=\"@PureOceanFund\" \/>\n<meta name=\"twitter:label1\" content=\"Est. reading time\" \/>\n\t<meta name=\"twitter:data1\" content=\"8 minutes\" \/>\n<script type=\"application\/ld+json\" class=\"yoast-schema-graph\">{\"@context\":\"https:\\\/\\\/schema.org\",\"@graph\":[{\"@type\":\"WebPage\",\"@id\":\"https:\\\/\\\/www.pure-ocean.org\\\/en\\\/race-for-pure-ocean\\\/pure-ocean-present-sur-le-vendee-arctique\\\/\",\"url\":\"https:\\\/\\\/www.pure-ocean.org\\\/en\\\/race-for-pure-ocean\\\/pure-ocean-present-sur-le-vendee-arctique\\\/\",\"name\":\"Pure Ocean at the Vend\u00e9e Arctique ! - Pure Ocean\",\"isPartOf\":{\"@id\":\"https:\\\/\\\/www.pure-ocean.org\\\/#website\"},\"primaryImageOfPage\":{\"@id\":\"https:\\\/\\\/www.pure-ocean.org\\\/en\\\/race-for-pure-ocean\\\/pure-ocean-present-sur-le-vendee-arctique\\\/#primaryimage\"},\"image\":{\"@id\":\"https:\\\/\\\/www.pure-ocean.org\\\/en\\\/race-for-pure-ocean\\\/pure-ocean-present-sur-le-vendee-arctique\\\/#primaryimage\"},\"thumbnailUrl\":\"https:\\\/\\\/www.pure-ocean.org\\\/wp-content\\\/uploads\\\/2022\\\/06\\\/TOMBOLA-VA22-INSTA.jpg\",\"datePublished\":\"2022-06-01T08:03:32+00:00\",\"dateModified\":\"2022-12-21T08:47:56+00:00\",\"breadcrumb\":{\"@id\":\"https:\\\/\\\/www.pure-ocean.org\\\/en\\\/race-for-pure-ocean\\\/pure-ocean-present-sur-le-vendee-arctique\\\/#breadcrumb\"},\"inLanguage\":\"en-US\",\"potentialAction\":[{\"@type\":\"ReadAction\",\"target\":[\"https:\\\/\\\/www.pure-ocean.org\\\/en\\\/race-for-pure-ocean\\\/pure-ocean-present-sur-le-vendee-arctique\\\/\"]}]},{\"@type\":\"ImageObject\",\"inLanguage\":\"en-US\",\"@id\":\"https:\\\/\\\/www.pure-ocean.org\\\/en\\\/race-for-pure-ocean\\\/pure-ocean-present-sur-le-vendee-arctique\\\/#primaryimage\",\"url\":\"https:\\\/\\\/www.pure-ocean.org\\\/wp-content\\\/uploads\\\/2022\\\/06\\\/TOMBOLA-VA22-INSTA.jpg\",\"contentUrl\":\"https:\\\/\\\/www.pure-ocean.org\\\/wp-content\\\/uploads\\\/2022\\\/06\\\/TOMBOLA-VA22-INSTA.jpg\",\"width\":1080,\"height\":1080},{\"@type\":\"BreadcrumbList\",\"@id\":\"https:\\\/\\\/www.pure-ocean.org\\\/en\\\/race-for-pure-ocean\\\/pure-ocean-present-sur-le-vendee-arctique\\\/#breadcrumb\",\"itemListElement\":[{\"@type\":\"ListItem\",\"position\":1,\"name\":\"Accueil\",\"item\":\"https:\\\/\\\/www.pure-ocean.org\\\/en\\\/home\\\/\"},{\"@type\":\"ListItem\",\"position\":2,\"name\":\"Race for Pure Ocean\",\"item\":\"https:\\\/\\\/www.pure-ocean.org\\\/en\\\/race-for-pure-ocean\\\/\"},{\"@type\":\"ListItem\",\"position\":3,\"name\":\"Pure Ocean at the Vend\u00e9e Arctique !\"}]},{\"@type\":\"WebSite\",\"@id\":\"https:\\\/\\\/www.pure-ocean.org\\\/#website\",\"url\":\"https:\\\/\\\/www.pure-ocean.org\\\/\",\"name\":\"Pure Ocean\",\"description\":\"L&#039;innovation au service de l&#039;oc\u00e9an\",\"publisher\":{\"@id\":\"https:\\\/\\\/www.pure-ocean.org\\\/#organization\"},\"potentialAction\":[{\"@type\":\"SearchAction\",\"target\":{\"@type\":\"EntryPoint\",\"urlTemplate\":\"https:\\\/\\\/www.pure-ocean.org\\\/?s={search_term_string}\"},\"query-input\":{\"@type\":\"PropertyValueSpecification\",\"valueRequired\":true,\"valueName\":\"search_term_string\"}}],\"inLanguage\":\"en-US\"},{\"@type\":\"Organization\",\"@id\":\"https:\\\/\\\/www.pure-ocean.org\\\/#organization\",\"name\":\"Pure Ocean\",\"url\":\"https:\\\/\\\/www.pure-ocean.org\\\/\",\"logo\":{\"@type\":\"ImageObject\",\"inLanguage\":\"en-US\",\"@id\":\"https:\\\/\\\/www.pure-ocean.org\\\/#\\\/schema\\\/logo\\\/image\\\/\",\"url\":\"https:\\\/\\\/www.pure-ocean.org\\\/wp-content\\\/uploads\\\/2022\\\/01\\\/LOGO-FINAL-carre-03.png\",\"contentUrl\":\"https:\\\/\\\/www.pure-ocean.org\\\/wp-content\\\/uploads\\\/2022\\\/01\\\/LOGO-FINAL-carre-03.png\",\"width\":472,\"height\":472,\"caption\":\"Pure Ocean\"},\"image\":{\"@id\":\"https:\\\/\\\/www.pure-ocean.org\\\/#\\\/schema\\\/logo\\\/image\\\/\"},\"sameAs\":[\"https:\\\/\\\/www.facebook.com\\\/PureOceanFund\\\/\",\"https:\\\/\\\/x.com\\\/PureOceanFund\",\"https:\\\/\\\/www.linkedin.com\\\/company\\\/27024658\\\/admin\\\/\",\"https:\\\/\\\/www.instagram.com\\\/pureoceanfund\\\/\"]}]}<\/script>\n<!-- \/ Yoast SEO plugin. -->","yoast_head_json":{"title":"Pure Ocean at the Vend\u00e9e Arctique ! - Pure Ocean","robots":{"index":"index","follow":"follow","max-snippet":"max-snippet:-1","max-image-preview":"max-image-preview:large","max-video-preview":"max-video-preview:-1"},"canonical":"https:\/\/www.pure-ocean.org\/en\/race-for-pure-ocean\/pure-ocean-present-sur-le-vendee-arctique\/","og_locale":"en_US","og_type":"article","og_title":"Pure Ocean at the Vend\u00e9e Arctique ! - Pure Ocean","og_description":"The Vend\u00e9e Arctique - Les Sables d'Olonne is the first qualifying race for the Vend\u00e9e Globe 2024. It is a demanding ocean race, to be completed single-handed, non-stop and without assistance...","og_url":"https:\/\/www.pure-ocean.org\/en\/race-for-pure-ocean\/pure-ocean-present-sur-le-vendee-arctique\/","og_site_name":"Pure Ocean","article_publisher":"https:\/\/www.facebook.com\/PureOceanFund\/","article_modified_time":"2022-12-21T08:47:56+00:00","twitter_card":"summary_large_image","twitter_site":"@PureOceanFund","twitter_misc":{"Est. reading time":"8 minutes"},"schema":{"@context":"https:\/\/schema.org","@graph":[{"@type":"WebPage","@id":"https:\/\/www.pure-ocean.org\/en\/race-for-pure-ocean\/pure-ocean-present-sur-le-vendee-arctique\/","url":"https:\/\/www.pure-ocean.org\/en\/race-for-pure-ocean\/pure-ocean-present-sur-le-vendee-arctique\/","name":"Pure Ocean at the Vend\u00e9e Arctique ! - Pure Ocean","isPartOf":{"@id":"https:\/\/www.pure-ocean.org\/#website"},"primaryImageOfPage":{"@id":"https:\/\/www.pure-ocean.org\/en\/race-for-pure-ocean\/pure-ocean-present-sur-le-vendee-arctique\/#primaryimage"},"image":{"@id":"https:\/\/www.pure-ocean.org\/en\/race-for-pure-ocean\/pure-ocean-present-sur-le-vendee-arctique\/#primaryimage"},"thumbnailUrl":"https:\/\/www.pure-ocean.org\/wp-content\/uploads\/2022\/06\/TOMBOLA-VA22-INSTA.jpg","datePublished":"2022-06-01T08:03:32+00:00","dateModified":"2022-12-21T08:47:56+00:00","breadcrumb":{"@id":"https:\/\/www.pure-ocean.org\/en\/race-for-pure-ocean\/pure-ocean-present-sur-le-vendee-arctique\/#breadcrumb"},"inLanguage":"en-US","potentialAction":[{"@type":"ReadAction","target":["https:\/\/www.pure-ocean.org\/en\/race-for-pure-ocean\/pure-ocean-present-sur-le-vendee-arctique\/"]}]},{"@type":"ImageObject","inLanguage":"en-US","@id":"https:\/\/www.pure-ocean.org\/en\/race-for-pure-ocean\/pure-ocean-present-sur-le-vendee-arctique\/#primaryimage","url":"https:\/\/www.pure-ocean.org\/wp-content\/uploads\/2022\/06\/TOMBOLA-VA22-INSTA.jpg","contentUrl":"https:\/\/www.pure-ocean.org\/wp-content\/uploads\/2022\/06\/TOMBOLA-VA22-INSTA.jpg","width":1080,"height":1080},{"@type":"BreadcrumbList","@id":"https:\/\/www.pure-ocean.org\/en\/race-for-pure-ocean\/pure-ocean-present-sur-le-vendee-arctique\/#breadcrumb","itemListElement":[{"@type":"ListItem","position":1,"name":"Accueil","item":"https:\/\/www.pure-ocean.org\/en\/home\/"},{"@type":"ListItem","position":2,"name":"Race for Pure Ocean","item":"https:\/\/www.pure-ocean.org\/en\/race-for-pure-ocean\/"},{"@type":"ListItem","position":3,"name":"Pure Ocean at the Vend\u00e9e Arctique !"}]},{"@type":"WebSite","@id":"https:\/\/www.pure-ocean.org\/#website","url":"https:\/\/www.pure-ocean.org\/","name":"Pure Ocean","description":"L&#039;innovation au service de l&#039;oc\u00e9an","publisher":{"@id":"https:\/\/www.pure-ocean.org\/#organization"},"potentialAction":[{"@type":"SearchAction","target":{"@type":"EntryPoint","urlTemplate":"https:\/\/www.pure-ocean.org\/?s={search_term_string}"},"query-input":{"@type":"PropertyValueSpecification","valueRequired":true,"valueName":"search_term_string"}}],"inLanguage":"en-US"},{"@type":"Organization","@id":"https:\/\/www.pure-ocean.org\/#organization","name":"Pure Ocean","url":"https:\/\/www.pure-ocean.org\/","logo":{"@type":"ImageObject","inLanguage":"en-US","@id":"https:\/\/www.pure-ocean.org\/#\/schema\/logo\/image\/","url":"https:\/\/www.pure-ocean.org\/wp-content\/uploads\/2022\/01\/LOGO-FINAL-carre-03.png","contentUrl":"https:\/\/www.pure-ocean.org\/wp-content\/uploads\/2022\/01\/LOGO-FINAL-carre-03.png","width":472,"height":472,"caption":"Pure Ocean"},"image":{"@id":"https:\/\/www.pure-ocean.org\/#\/schema\/logo\/image\/"},"sameAs":["https:\/\/www.facebook.com\/PureOceanFund\/","https:\/\/x.com\/PureOceanFund","https:\/\/www.linkedin.com\/company\/27024658\/admin\/","https:\/\/www.instagram.com\/pureoceanfund\/"]}]}},"_links":{"self":[{"href":"https:\/\/www.pure-ocean.org\/en\/wp-json\/wp\/v2\/pages\/12049","targetHints":{"allow":["GET"]}}],"collection":[{"href":"https:\/\/www.pure-ocean.org\/en\/wp-json\/wp\/v2\/pages"}],"about":[{"href":"https:\/\/www.pure-ocean.org\/en\/wp-json\/wp\/v2\/types\/page"}],"author":[{"embeddable":true,"href":"https:\/\/www.pure-ocean.org\/en\/wp-json\/wp\/v2\/users\/1"}],"replies":[{"embeddable":true,"href":"https:\/\/www.pure-ocean.org\/en\/wp-json\/wp\/v2\/comments?post=12049"}],"version-history":[{"count":5,"href":"https:\/\/www.pure-ocean.org\/en\/wp-json\/wp\/v2\/pages\/12049\/revisions"}],"predecessor-version":[{"id":12051,"href":"https:\/\/www.pure-ocean.org\/en\/wp-json\/wp\/v2\/pages\/12049\/revisions\/12051"}],"up":[{"embeddable":true,"href":"https:\/\/www.pure-ocean.org\/en\/wp-json\/wp\/v2\/pages\/1314"}],"wp:featuredmedia":[{"embeddable":true,"href":"https:\/\/www.pure-ocean.org\/en\/wp-json\/wp\/v2\/media\/17325"}],"wp:attachment":[{"href":"https:\/\/www.pure-ocean.org\/en\/wp-json\/wp\/v2\/media?parent=12049"}],"curies":[{"name":"wp","href":"https:\/\/api.w.org\/{rel}","templated":true}]}}